{"id":1254,"date":"2019-12-12T14:48:54","date_gmt":"2019-12-12T13:48:54","guid":{"rendered":"http:\/\/www.nimi.rs\/?page_id=1254"},"modified":"2025-12-26T00:41:57","modified_gmt":"2025-12-25T23:41:57","slug":"osnivanje","status":"publish","type":"page","link":"https:\/\/www.nimi.rs\/en\/osnivanje\/","title":{"rendered":"Company Formation"},"content":{"rendered":"<div data-elementor-type=\"wp-page\" data-elementor-id=\"1254\" class=\"elementor elementor-1254\" data-elementor-post-type=\"page\">\n\t\t\t\t\t\t<section data-particle_enable=\"false\" data-particle-mobile-disabled=\"false\" class=\"elementor-section elementor-top-section elementor-element elementor-element-8d7077e elementor-section-stretched elementor-section-height-min-height elementor-section-boxed elementor-section-height-default elementor-section-items-middle\" data-id=\"8d7077e\" data-element_type=\"section\" data-e-type=\"section\" data-settings=\"{&quot;stretch_section&quot;:&quot;section-stretched&quot;}\">\n\t\t\t\t\t\t<div class=\"elementor-container elementor-column-gap-no\">\n\t\t\t\t\t<div class=\"elementor-column elementor-col-100 elementor-top-column elementor-element elementor-element-33f6bdb\" data-id=\"33f6bdb\" data-element_type=\"column\" data-e-type=\"column\">\n\t\t\t<div class=\"elementor-widget-wrap elementor-element-populated\">\n\t\t\t\t\t\t<div class=\"elementor-element elementor-element-4d34558 elementor-widget elementor-widget-heading\" data-id=\"4d34558\" data-element_type=\"widget\" data-e-type=\"widget\" data-widget_type=\"heading.default\">\n\t\t\t\t<div class=\"elementor-widget-container\">\n\t\t\t\t\t<h1 class=\"elementor-heading-title elementor-size-default\">Company Formation and Registration<\/h1>\t\t\t\t<\/div>\n\t\t\t\t<\/div>\n\t\t\t\t<div class=\"elementor-element elementor-element-5efbf2f elementor-widget elementor-widget-spacer\" data-id=\"5efbf2f\" data-element_type=\"widget\" data-e-type=\"widget\" data-widget_type=\"spacer.default\">\n\t\t\t\t<div class=\"elementor-widget-container\">\n\t\t\t\t\t\t\t<div class=\"elementor-spacer\">\n\t\t\t<div class=\"elementor-spacer-inner\"><\/div>\n\t\t<\/div>\n\t\t\t\t\t\t<\/div>\n\t\t\t\t<\/div>\n\t\t\t\t<div class=\"elementor-element elementor-element-713d05b elementor-widget elementor-widget-heading\" data-id=\"713d05b\" data-element_type=\"widget\" data-e-type=\"widget\" data-widget_type=\"heading.default\">\n\t\t\t\t<div class=\"elementor-widget-container\">\n\t\t\t\t\t<h3 class=\"elementor-heading-title elementor-size-default\">We guide you through the company formation process, offering a set of standard or additional services as needed.<\/h3>\t\t\t\t<\/div>\n\t\t\t\t<\/div>\n\t\t\t\t<div class=\"elementor-element elementor-element-136f605 elementor-widget-divider--view-line elementor-widget elementor-widget-divider\" data-id=\"136f605\" data-element_type=\"widget\" data-e-type=\"widget\" data-widget_type=\"divider.default\">\n\t\t\t\t<div class=\"elementor-widget-container\">\n\t\t\t\t\t\t\t<div class=\"elementor-divider\">\n\t\t\t<span class=\"elementor-divider-separator\">\n\t\t\t\t\t\t<\/span>\n\t\t<\/div>\n\t\t\t\t\t\t<\/div>\n\t\t\t\t<\/div>\n\t\t\t\t<div class=\"elementor-element elementor-element-24f7d71 elementor-widget elementor-widget-text-editor\" data-id=\"24f7d71\" data-element_type=\"widget\" data-e-type=\"widget\" data-widget_type=\"text-editor.default\">\n\t\t\t\t<div class=\"elementor-widget-container\">\n\t\t\t\t\t\t\t\t\t<p>Starting a legal entity or a sole proprietorship can be a seamless process, free of complications or unnecessary delays, when backed by expert assistance, accurate information, and clear, well-reasoned answers to all your concerns.<\/p><p>Comprehensive consulting throughout the entire process:<\/p><ul><li>Izbor pravne forme\u00a0kroz davanje odgovora na pitanja da li je konkretnom slu\u010daju povoljnije osnovati radnju ili privredno dru\u0161tvo,<\/li><li>Izrada dokumentacije za registraciju\u00a0(osniva\u010dki akti za privredna dru\u0161tva, odluka o imenovanju i ovla\u0161\u0107enju direktora, OP obrazac, registraciona prijava, potrebne uplatnice za APR),<\/li><li>Definisanje prete\u017ene delatnosti\u00a0kod preduzetnika, a kod privrednih dru\u0161tava i svih ostalih delatnosti,<\/li><li>Informacije o fiksnim tro\u0161kovima poslovanja\u00a0(porez na dohodak ili dobit, obavezni socijalni doprinosi osniva\u010da I direktora, porezi i doprinosi za zaposlene radnike),<\/li><li>\u00a0VAT Consultancy: Guidance on Value Added Tax (VAT) regulations and threshold requirements.<\/li><li>Posedovanje fiskalne kase\u00a0(ko mora imati fiskalnu kasu a ko ne),<\/li><li>Savetovanje o zapo\u0161ljavanju\u00a0(trenutnim olak\u0161icama, programima za zapo\u0161ljavanja I sl. )<\/li><\/ul>\t\t\t\t\t\t\t\t<\/div>\n\t\t\t\t<\/div>\n\t\t\t\t\t<\/div>\n\t\t<\/div>\n\t\t\t\t\t<\/div>\n\t\t<\/section>\n\t\t\t\t<\/div>","protected":false},"excerpt":{"rendered":"<p>Osnivanje i Registracija firme Vodimo Vas kroz postupak osnivanja uz set standardnih ili pak dodatnih usluga. Osnivanje privrednog dru\u0161tva ili preduzetni\u010dke radnje uz adekvatnu pomo\u0107, prave informacije, re\u0161avanje svake Va\u0161e dileme i pru\u017eanje potpuno obrazlo\u017eenih odgovara na sva pitanja mo\u017ee se sprovesti bez ikakvih komplikacija i bez nepotrebnog odugovla\u010denja. Sveobuhvatno savetovanje tokom celog postupka: Izbor [&hellip;]<\/p>\n","protected":false},"author":1,"featured_media":0,"parent":0,"menu_order":0,"comment_status":"closed","ping_status":"closed","template":"","meta":{"site-sidebar-layout":"no-sidebar","site-content-layout":"page-builder","ast-site-content-layout":"default","site-content-style":"default","site-sidebar-style":"default","ast-global-header-display":"","ast-banner-title-visibility":"","ast-main-header-display":"","ast-hfb-above-header-display":"","ast-hfb-below-header-display":"","ast-hfb-mobile-header-display":"","site-post-title":"disabled","ast-breadcrumbs-content":"","ast-featured-img":"disabled","footer-sml-layout":"","ast-disable-related-posts":"","theme-transparent-header-meta":"default","adv-header-id-meta":"","stick-header-meta":"","header-above-stick-meta":"","header-main-stick-meta":"","header-below-stick-meta":"","astra-migrate-meta-layouts":"default","ast-page-background-enabled":"default","ast-page-background-meta":{"desktop":{"background-color":"","background-image":"","background-repeat":"repeat","background-position":"center center","background-size":"auto","background-attachment":"scroll","background-type":"","background-media":"","overlay-type":"","overlay-color":"","overlay-opacity":"","overlay-gradient":""},"tablet":{"background-color":"","background-image":"","background-repeat":"repeat","background-position":"center center","background-size":"auto","background-attachment":"scroll","background-type":"","background-media":"","overlay-type":"","overlay-color":"","overlay-opacity":"","overlay-gradient":""},"mobile":{"background-color":"","background-image":"","background-repeat":"repeat","background-position":"center center","background-size":"auto","background-attachment":"scroll","background-type":"","background-media":"","overlay-type":"","overlay-color":"","overlay-opacity":"","overlay-gradient":""}},"ast-content-background-meta":{"desktop":{"background-color":"var(--ast-global-color-5)","background-image":"","background-repeat":"repeat","background-position":"center center","background-size":"auto","background-attachment":"scroll","background-type":"","background-media":"","overlay-type":"","overlay-color":"","overlay-opacity":"","overlay-gradient":""},"tablet":{"background-color":"var(--ast-global-color-5)","background-image":"","background-repeat":"repeat","background-position":"center center","background-size":"auto","background-attachment":"scroll","background-type":"","background-media":"","overlay-type":"","overlay-color":"","overlay-opacity":"","overlay-gradient":""},"mobile":{"background-color":"var(--ast-global-color-5)","background-image":"","background-repeat":"repeat","background-position":"center center","background-size":"auto","background-attachment":"scroll","background-type":"","background-media":"","overlay-type":"","overlay-color":"","overlay-opacity":"","overlay-gradient":""}},"footnotes":""},"class_list":["post-1254","page","type-page","status-publish","hentry"],"yoast_head":"<!-- This site is optimized with the Yoast SEO plugin v27.4 - https:\/\/yoast.com\/product\/yoast-seo-wordpress\/ -->\n<title>Knjigovodstvena agencija NIMI &#8226; Osnivanje<\/title>\n<meta name=\"robots\" content=\"index, follow, max-snippet:-1, max-image-preview:large, max-video-preview:-1\" \/>\n<link rel=\"canonical\" href=\"https:\/\/www.nimi.rs\/en\/osnivanje\/\" \/>\n<meta property=\"og:locale\" content=\"en_US\" \/>\n<meta property=\"og:type\" content=\"article\" \/>\n<meta property=\"og:title\" content=\"Knjigovodstvena agencija NIMI &#8226; Osnivanje\" \/>\n<meta property=\"og:description\" content=\"Osnivanje i Registracija firme Vodimo Vas kroz postupak osnivanja uz set standardnih ili pak dodatnih usluga. Osnivanje privrednog dru\u0161tva ili preduzetni\u010dke radnje uz adekvatnu pomo\u0107, prave informacije, re\u0161avanje svake Va\u0161e dileme i pru\u017eanje potpuno obrazlo\u017eenih odgovara na sva pitanja mo\u017ee se sprovesti bez ikakvih komplikacija i bez nepotrebnog odugovla\u010denja. Sveobuhvatno savetovanje tokom celog postupka: Izbor [&hellip;]\" \/>\n<meta property=\"og:url\" content=\"https:\/\/www.nimi.rs\/en\/osnivanje\/\" \/>\n<meta property=\"og:site_name\" content=\"Knjigovodstvena agencija NIMI\" \/>\n<meta property=\"article:publisher\" content=\"https:\/\/www.facebook.com\/knjigovodstvenaagencija\/\" \/>\n<meta property=\"article:modified_time\" content=\"2025-12-25T23:41:57+00:00\" \/>\n<meta name=\"twitter:card\" content=\"summary_large_image\" \/>\n<meta name=\"twitter:site\" content=\"@Agencija_NIMI\" \/>\n<meta name=\"twitter:label1\" content=\"Est. reading time\" \/>\n\t<meta name=\"twitter:data1\" content=\"1 minute\" \/>\n<script type=\"application\/ld+json\" class=\"yoast-schema-graph\">{\"@context\":\"https:\\\/\\\/schema.org\",\"@graph\":[{\"@type\":\"WebPage\",\"@id\":\"https:\\\/\\\/www.nimi.rs\\\/osnivanje\\\/\",\"url\":\"https:\\\/\\\/www.nimi.rs\\\/osnivanje\\\/\",\"name\":\"Knjigovodstvena agencija NIMI &#8226; Osnivanje\",\"isPartOf\":{\"@id\":\"https:\\\/\\\/www.nimi.rs\\\/#website\"},\"datePublished\":\"2019-12-12T13:48:54+00:00\",\"dateModified\":\"2025-12-25T23:41:57+00:00\",\"breadcrumb\":{\"@id\":\"https:\\\/\\\/www.nimi.rs\\\/osnivanje\\\/#breadcrumb\"},\"inLanguage\":\"en-US\",\"potentialAction\":[{\"@type\":\"ReadAction\",\"target\":[\"https:\\\/\\\/www.nimi.rs\\\/osnivanje\\\/\"]}]},{\"@type\":\"BreadcrumbList\",\"@id\":\"https:\\\/\\\/www.nimi.rs\\\/osnivanje\\\/#breadcrumb\",\"itemListElement\":[{\"@type\":\"ListItem\",\"position\":1,\"name\":\"Po\u010detna\",\"item\":\"https:\\\/\\\/www.nimi.rs\\\/\"},{\"@type\":\"ListItem\",\"position\":2,\"name\":\"Osnivanje\"}]},{\"@type\":\"WebSite\",\"@id\":\"https:\\\/\\\/www.nimi.rs\\\/#website\",\"url\":\"https:\\\/\\\/www.nimi.rs\\\/\",\"name\":\"Knjigovodstvena agencija NIMI\",\"description\":\"Usluge knjigovodstva i ra\u010dunovodstva agencija NIMI pru\u017ea svim vrstama pravnih lica\",\"publisher\":{\"@id\":\"https:\\\/\\\/www.nimi.rs\\\/#organization\"},\"potentialAction\":[{\"@type\":\"SearchAction\",\"target\":{\"@type\":\"EntryPoint\",\"urlTemplate\":\"https:\\\/\\\/www.nimi.rs\\\/?s={search_term_string}\"},\"query-input\":{\"@type\":\"PropertyValueSpecification\",\"valueRequired\":true,\"valueName\":\"search_term_string\"}}],\"inLanguage\":\"en-US\"},{\"@type\":\"Organization\",\"@id\":\"https:\\\/\\\/www.nimi.rs\\\/#organization\",\"name\":\"Knjigovodstvena agencija NIMI\",\"url\":\"https:\\\/\\\/www.nimi.rs\\\/\",\"logo\":{\"@type\":\"ImageObject\",\"inLanguage\":\"en-US\",\"@id\":\"https:\\\/\\\/www.nimi.rs\\\/#\\\/schema\\\/logo\\\/image\\\/\",\"url\":\"https:\\\/\\\/www.nimi.rs\\\/wp-content\\\/uploads\\\/2019\\\/11\\\/Group-2.png\",\"contentUrl\":\"https:\\\/\\\/www.nimi.rs\\\/wp-content\\\/uploads\\\/2019\\\/11\\\/Group-2.png\",\"width\":49,\"height\":46,\"caption\":\"Knjigovodstvena agencija NIMI\"},\"image\":{\"@id\":\"https:\\\/\\\/www.nimi.rs\\\/#\\\/schema\\\/logo\\\/image\\\/\"},\"sameAs\":[\"https:\\\/\\\/www.facebook.com\\\/knjigovodstvenaagencija\\\/\",\"https:\\\/\\\/x.com\\\/Agencija_NIMI\",\"https:\\\/\\\/www.instagram.com\\\/nimi_knjigovodstvo\\\/\",\"https:\\\/\\\/rs.linkedin.com\\\/in\\\/agencija-nimi-knjigovodstvo-69922941\"]}]}<\/script>\n<!-- \/ Yoast SEO plugin. -->","yoast_head_json":{"title":"Knjigovodstvena agencija NIMI &#8226; Osnivanje","robots":{"index":"index","follow":"follow","max-snippet":"max-snippet:-1","max-image-preview":"max-image-preview:large","max-video-preview":"max-video-preview:-1"},"canonical":"https:\/\/www.nimi.rs\/en\/osnivanje\/","og_locale":"en_US","og_type":"article","og_title":"Knjigovodstvena agencija NIMI &#8226; Osnivanje","og_description":"Osnivanje i Registracija firme Vodimo Vas kroz postupak osnivanja uz set standardnih ili pak dodatnih usluga. Osnivanje privrednog dru\u0161tva ili preduzetni\u010dke radnje uz adekvatnu pomo\u0107, prave informacije, re\u0161avanje svake Va\u0161e dileme i pru\u017eanje potpuno obrazlo\u017eenih odgovara na sva pitanja mo\u017ee se sprovesti bez ikakvih komplikacija i bez nepotrebnog odugovla\u010denja. Sveobuhvatno savetovanje tokom celog postupka: Izbor [&hellip;]","og_url":"https:\/\/www.nimi.rs\/en\/osnivanje\/","og_site_name":"Knjigovodstvena agencija NIMI","article_publisher":"https:\/\/www.facebook.com\/knjigovodstvenaagencija\/","article_modified_time":"2025-12-25T23:41:57+00:00","twitter_card":"summary_large_image","twitter_site":"@Agencija_NIMI","twitter_misc":{"Est. reading time":"1 minute"},"schema":{"@context":"https:\/\/schema.org","@graph":[{"@type":"WebPage","@id":"https:\/\/www.nimi.rs\/osnivanje\/","url":"https:\/\/www.nimi.rs\/osnivanje\/","name":"Knjigovodstvena agencija NIMI &#8226; Osnivanje","isPartOf":{"@id":"https:\/\/www.nimi.rs\/#website"},"datePublished":"2019-12-12T13:48:54+00:00","dateModified":"2025-12-25T23:41:57+00:00","breadcrumb":{"@id":"https:\/\/www.nimi.rs\/osnivanje\/#breadcrumb"},"inLanguage":"en-US","potentialAction":[{"@type":"ReadAction","target":["https:\/\/www.nimi.rs\/osnivanje\/"]}]},{"@type":"BreadcrumbList","@id":"https:\/\/www.nimi.rs\/osnivanje\/#breadcrumb","itemListElement":[{"@type":"ListItem","position":1,"name":"Po\u010detna","item":"https:\/\/www.nimi.rs\/"},{"@type":"ListItem","position":2,"name":"Osnivanje"}]},{"@type":"WebSite","@id":"https:\/\/www.nimi.rs\/#website","url":"https:\/\/www.nimi.rs\/","name":"Knjigovodstvena agencija NIMI","description":"Usluge knjigovodstva i ra\u010dunovodstva agencija NIMI pru\u017ea svim vrstama pravnih lica","publisher":{"@id":"https:\/\/www.nimi.rs\/#organization"},"potentialAction":[{"@type":"SearchAction","target":{"@type":"EntryPoint","urlTemplate":"https:\/\/www.nimi.rs\/?s={search_term_string}"},"query-input":{"@type":"PropertyValueSpecification","valueRequired":true,"valueName":"search_term_string"}}],"inLanguage":"en-US"},{"@type":"Organization","@id":"https:\/\/www.nimi.rs\/#organization","name":"Knjigovodstvena agencija NIMI","url":"https:\/\/www.nimi.rs\/","logo":{"@type":"ImageObject","inLanguage":"en-US","@id":"https:\/\/www.nimi.rs\/#\/schema\/logo\/image\/","url":"https:\/\/www.nimi.rs\/wp-content\/uploads\/2019\/11\/Group-2.png","contentUrl":"https:\/\/www.nimi.rs\/wp-content\/uploads\/2019\/11\/Group-2.png","width":49,"height":46,"caption":"Knjigovodstvena agencija NIMI"},"image":{"@id":"https:\/\/www.nimi.rs\/#\/schema\/logo\/image\/"},"sameAs":["https:\/\/www.facebook.com\/knjigovodstvenaagencija\/","https:\/\/x.com\/Agencija_NIMI","https:\/\/www.instagram.com\/nimi_knjigovodstvo\/","https:\/\/rs.linkedin.com\/in\/agencija-nimi-knjigovodstvo-69922941"]}]}},"_links":{"self":[{"href":"https:\/\/www.nimi.rs\/en\/wp-json\/wp\/v2\/pages\/1254","targetHints":{"allow":["GET"]}}],"collection":[{"href":"https:\/\/www.nimi.rs\/en\/wp-json\/wp\/v2\/pages"}],"about":[{"href":"https:\/\/www.nimi.rs\/en\/wp-json\/wp\/v2\/types\/page"}],"author":[{"embeddable":true,"href":"https:\/\/www.nimi.rs\/en\/wp-json\/wp\/v2\/users\/1"}],"replies":[{"embeddable":true,"href":"https:\/\/www.nimi.rs\/en\/wp-json\/wp\/v2\/comments?post=1254"}],"version-history":[{"count":37,"href":"https:\/\/www.nimi.rs\/en\/wp-json\/wp\/v2\/pages\/1254\/revisions"}],"predecessor-version":[{"id":4241,"href":"https:\/\/www.nimi.rs\/en\/wp-json\/wp\/v2\/pages\/1254\/revisions\/4241"}],"wp:attachment":[{"href":"https:\/\/www.nimi.rs\/en\/wp-json\/wp\/v2\/media?parent=1254"}],"curies":[{"name":"wp","href":"https:\/\/api.w.org\/{rel}","templated":true}]}}