{"id":1316,"date":"2019-12-12T17:44:42","date_gmt":"2019-12-12T16:44:42","guid":{"rendered":"http:\/\/www.nimi.rs\/?page_id=1316"},"modified":"2025-12-26T00:42:29","modified_gmt":"2025-12-25T23:42:29","slug":"knjigovodstvo","status":"publish","type":"page","link":"https:\/\/www.nimi.rs\/en\/knjigovodstvo\/","title":{"rendered":"Accounting"},"content":{"rendered":"<div data-elementor-type=\"wp-page\" data-elementor-id=\"1316\" class=\"elementor elementor-1316\" data-elementor-post-type=\"page\">\n\t\t\t\t\t\t<section data-particle_enable=\"false\" data-particle-mobile-disabled=\"false\" class=\"elementor-section elementor-top-section elementor-element elementor-element-8d7077e elementor-section-stretched elementor-section-height-min-height elementor-section-boxed elementor-section-height-default elementor-section-items-middle\" data-id=\"8d7077e\" data-element_type=\"section\" data-e-type=\"section\" data-settings=\"{&quot;stretch_section&quot;:&quot;section-stretched&quot;}\">\n\t\t\t\t\t\t<div class=\"elementor-container elementor-column-gap-no\">\n\t\t\t\t\t<div class=\"elementor-column elementor-col-100 elementor-top-column elementor-element elementor-element-33f6bdb\" data-id=\"33f6bdb\" data-element_type=\"column\" data-e-type=\"column\">\n\t\t\t<div class=\"elementor-widget-wrap elementor-element-populated\">\n\t\t\t\t\t\t<div class=\"elementor-element elementor-element-4d34558 elementor-widget elementor-widget-heading\" data-id=\"4d34558\" data-element_type=\"widget\" data-e-type=\"widget\" data-widget_type=\"heading.default\">\n\t\t\t\t<div class=\"elementor-widget-container\">\n\t\t\t\t\t<h1 class=\"elementor-heading-title elementor-size-default translation-block\">Accounting and Bookkeeping Services<\/h1>\t\t\t\t<\/div>\n\t\t\t\t<\/div>\n\t\t\t\t<div class=\"elementor-element elementor-element-5efbf2f elementor-widget elementor-widget-spacer\" data-id=\"5efbf2f\" data-element_type=\"widget\" data-e-type=\"widget\" data-widget_type=\"spacer.default\">\n\t\t\t\t<div class=\"elementor-widget-container\">\n\t\t\t\t\t\t\t<div class=\"elementor-spacer\">\n\t\t\t<div class=\"elementor-spacer-inner\"><\/div>\n\t\t<\/div>\n\t\t\t\t\t\t<\/div>\n\t\t\t\t<\/div>\n\t\t\t\t<div class=\"elementor-element elementor-element-713d05b elementor-widget elementor-widget-heading\" data-id=\"713d05b\" data-element_type=\"widget\" data-e-type=\"widget\" data-widget_type=\"heading.default\">\n\t\t\t\t<div class=\"elementor-widget-container\">\n\t\t\t\t\t<h3 class=\"elementor-heading-title elementor-size-default\">We are ready to tailor our services in this area to each client individually, in accordance with the business activity, operating model, and scope of operations.<\/h3>\t\t\t\t<\/div>\n\t\t\t\t<\/div>\n\t\t\t\t<div class=\"elementor-element elementor-element-136f605 elementor-widget-divider--view-line elementor-widget elementor-widget-divider\" data-id=\"136f605\" data-element_type=\"widget\" data-e-type=\"widget\" data-widget_type=\"divider.default\">\n\t\t\t\t<div class=\"elementor-widget-container\">\n\t\t\t\t\t\t\t<div class=\"elementor-divider\">\n\t\t\t<span class=\"elementor-divider-separator\">\n\t\t\t\t\t\t<\/span>\n\t\t<\/div>\n\t\t\t\t\t\t<\/div>\n\t\t\t\t<\/div>\n\t\t\t\t<div class=\"elementor-element elementor-element-24f7d71 elementor-widget elementor-widget-text-editor\" data-id=\"24f7d71\" data-element_type=\"widget\" data-e-type=\"widget\" data-widget_type=\"text-editor.default\">\n\t\t\t\t<div class=\"elementor-widget-container\">\n\t\t\t\t\t\t\t\t\t<p>We provide accounting and bookkeeping services in full compliance with current national and international standards and regulations. Our work is guided by the core principles of our profession: conscientiousness, expertise, responsibility, and precision.<\/p><div><ul><li>General Ledger &amp; Subsidiary Ledgers: Maintenance of the general ledger, journals, and all required subsidiary records.<\/li><li>Sub-ledger Accounting: Detailed tracking of accounts receivable (customers), accounts payable (suppliers), fixed assets, inventory, production, raw materials, and finished goods.<\/li><li>Retail and Wholesale Costing: Preparation of retail and wholesale price calculations and maintenance of the mandatory trade records (KEP books).<\/li><li>VAT Compliance: Maintenance of VAT records, VAT calculations, and preparation of VAT returns.<\/li><li>Foreign Exchange Operations: Support and accounting for international business transactions (FX operations).<\/li><li>Annual Financial Statements: Preparation of the balance sheet, income statement, statistical annex, tax balance, and corporate (or personal) income tax returns.<\/li><li>Payment Operations: Management of cashless payments and international wire transfers.<\/li><li>Tax Authority Representation: Electronic filing of tax returns, representation in tax audits\/procedures, handling tax reclassifications, and processing tax refund claims.<\/li><\/ul><\/div>\t\t\t\t\t\t\t\t<\/div>\n\t\t\t\t<\/div>\n\t\t\t\t\t<\/div>\n\t\t<\/div>\n\t\t\t\t\t<\/div>\n\t\t<\/section>\n\t\t\t\t<\/div>","protected":false},"excerpt":{"rendered":"<p>Ra\u010dunovodstvo Knjigovodstvo Spremni smo da svoje usluge u ovoj oblasti prilagodimo svakom klijentu pojedina\u010dno, u skladu sa delatno\u0161\u0107u, na\u010dinu i obimu poslovanja. Usluge ra\u010dunovodstva i knjigovodstva pru\u017eamo u skladu sa va\u017ee\u0107im dr\u017eavnim i me\u0111unarodnim standardima i propisima, a u duhu osnovnog postulata svoje struke \u2013 savesno, stru\u010dno, odgovorno i precizno. Vo\u0111enje poslovnih knjiga\u00a0: glavne knjige [&hellip;]<\/p>\n","protected":false},"author":1,"featured_media":0,"parent":0,"menu_order":0,"comment_status":"closed","ping_status":"closed","template":"","meta":{"site-sidebar-layout":"no-sidebar","site-content-layout":"page-builder","ast-site-content-layout":"default","site-content-style":"default","site-sidebar-style":"default","ast-global-header-display":"","ast-banner-title-visibility":"","ast-main-header-display":"","ast-hfb-above-header-display":"","ast-hfb-below-header-display":"","ast-hfb-mobile-header-display":"","site-post-title":"disabled","ast-breadcrumbs-content":"","ast-featured-img":"disabled","footer-sml-layout":"","ast-disable-related-posts":"","theme-transparent-header-meta":"default","adv-header-id-meta":"","stick-header-meta":"","header-above-stick-meta":"","header-main-stick-meta":"","header-below-stick-meta":"","astra-migrate-meta-layouts":"default","ast-page-background-enabled":"default","ast-page-background-meta":{"desktop":{"background-color":"","background-image":"","background-repeat":"repeat","background-position":"center center","background-size":"auto","background-attachment":"scroll","background-type":"","background-media":"","overlay-type":"","overlay-color":"","overlay-opacity":"","overlay-gradient":""},"tablet":{"background-color":"","background-image":"","background-repeat":"repeat","background-position":"center center","background-size":"auto","background-attachment":"scroll","background-type":"","background-media":"","overlay-type":"","overlay-color":"","overlay-opacity":"","overlay-gradient":""},"mobile":{"background-color":"","background-image":"","background-repeat":"repeat","background-position":"center center","background-size":"auto","background-attachment":"scroll","background-type":"","background-media":"","overlay-type":"","overlay-color":"","overlay-opacity":"","overlay-gradient":""}},"ast-content-background-meta":{"desktop":{"background-color":"var(--ast-global-color-5)","background-image":"","background-repeat":"repeat","background-position":"center center","background-size":"auto","background-attachment":"scroll","background-type":"","background-media":"","overlay-type":"","overlay-color":"","overlay-opacity":"","overlay-gradient":""},"tablet":{"background-color":"var(--ast-global-color-5)","background-image":"","background-repeat":"repeat","background-position":"center center","background-size":"auto","background-attachment":"scroll","background-type":"","background-media":"","overlay-type":"","overlay-color":"","overlay-opacity":"","overlay-gradient":""},"mobile":{"background-color":"var(--ast-global-color-5)","background-image":"","background-repeat":"repeat","background-position":"center center","background-size":"auto","background-attachment":"scroll","background-type":"","background-media":"","overlay-type":"","overlay-color":"","overlay-opacity":"","overlay-gradient":""}},"footnotes":""},"class_list":["post-1316","page","type-page","status-publish","hentry"],"yoast_head":"<!-- This site is optimized with the Yoast SEO plugin v27.4 - https:\/\/yoast.com\/product\/yoast-seo-wordpress\/ -->\n<title>Knjigovodstvena agencija NIMI &#8226; Ra\u010dunovodstvo<\/title>\n<meta name=\"robots\" content=\"index, follow, max-snippet:-1, max-image-preview:large, max-video-preview:-1\" \/>\n<link rel=\"canonical\" href=\"https:\/\/www.nimi.rs\/en\/knjigovodstvo\/\" \/>\n<meta property=\"og:locale\" content=\"en_US\" \/>\n<meta property=\"og:type\" content=\"article\" \/>\n<meta property=\"og:title\" content=\"Knjigovodstvena agencija NIMI &#8226; Ra\u010dunovodstvo\" \/>\n<meta property=\"og:description\" content=\"Ra\u010dunovodstvo Knjigovodstvo Spremni smo da svoje usluge u ovoj oblasti prilagodimo svakom klijentu pojedina\u010dno, u skladu sa delatno\u0161\u0107u, na\u010dinu i obimu poslovanja. Usluge ra\u010dunovodstva i knjigovodstva pru\u017eamo u skladu sa va\u017ee\u0107im dr\u017eavnim i me\u0111unarodnim standardima i propisima, a u duhu osnovnog postulata svoje struke \u2013 savesno, stru\u010dno, odgovorno i precizno. Vo\u0111enje poslovnih knjiga\u00a0: glavne knjige [&hellip;]\" \/>\n<meta property=\"og:url\" content=\"https:\/\/www.nimi.rs\/en\/knjigovodstvo\/\" \/>\n<meta property=\"og:site_name\" content=\"Knjigovodstvena agencija NIMI\" \/>\n<meta property=\"article:publisher\" content=\"https:\/\/www.facebook.com\/knjigovodstvenaagencija\/\" \/>\n<meta property=\"article:modified_time\" content=\"2025-12-25T23:42:29+00:00\" \/>\n<meta name=\"twitter:card\" content=\"summary_large_image\" \/>\n<meta name=\"twitter:site\" content=\"@Agencija_NIMI\" \/>\n<meta name=\"twitter:label1\" content=\"Est. reading time\" \/>\n\t<meta name=\"twitter:data1\" content=\"1 minute\" \/>\n<script type=\"application\/ld+json\" class=\"yoast-schema-graph\">{\"@context\":\"https:\\\/\\\/schema.org\",\"@graph\":[{\"@type\":\"WebPage\",\"@id\":\"https:\\\/\\\/www.nimi.rs\\\/knjigovodstvo\\\/\",\"url\":\"https:\\\/\\\/www.nimi.rs\\\/knjigovodstvo\\\/\",\"name\":\"Knjigovodstvena agencija NIMI &#8226; Ra\u010dunovodstvo\",\"isPartOf\":{\"@id\":\"https:\\\/\\\/www.nimi.rs\\\/#website\"},\"datePublished\":\"2019-12-12T16:44:42+00:00\",\"dateModified\":\"2025-12-25T23:42:29+00:00\",\"breadcrumb\":{\"@id\":\"https:\\\/\\\/www.nimi.rs\\\/knjigovodstvo\\\/#breadcrumb\"},\"inLanguage\":\"en-US\",\"potentialAction\":[{\"@type\":\"ReadAction\",\"target\":[\"https:\\\/\\\/www.nimi.rs\\\/knjigovodstvo\\\/\"]}]},{\"@type\":\"BreadcrumbList\",\"@id\":\"https:\\\/\\\/www.nimi.rs\\\/knjigovodstvo\\\/#breadcrumb\",\"itemListElement\":[{\"@type\":\"ListItem\",\"position\":1,\"name\":\"Po\u010detna\",\"item\":\"https:\\\/\\\/www.nimi.rs\\\/\"},{\"@type\":\"ListItem\",\"position\":2,\"name\":\"Ra\u010dunovodstvo\"}]},{\"@type\":\"WebSite\",\"@id\":\"https:\\\/\\\/www.nimi.rs\\\/#website\",\"url\":\"https:\\\/\\\/www.nimi.rs\\\/\",\"name\":\"Knjigovodstvena agencija NIMI\",\"description\":\"Usluge knjigovodstva i ra\u010dunovodstva agencija NIMI pru\u017ea svim vrstama pravnih lica\",\"publisher\":{\"@id\":\"https:\\\/\\\/www.nimi.rs\\\/#organization\"},\"potentialAction\":[{\"@type\":\"SearchAction\",\"target\":{\"@type\":\"EntryPoint\",\"urlTemplate\":\"https:\\\/\\\/www.nimi.rs\\\/?s={search_term_string}\"},\"query-input\":{\"@type\":\"PropertyValueSpecification\",\"valueRequired\":true,\"valueName\":\"search_term_string\"}}],\"inLanguage\":\"en-US\"},{\"@type\":\"Organization\",\"@id\":\"https:\\\/\\\/www.nimi.rs\\\/#organization\",\"name\":\"Knjigovodstvena agencija NIMI\",\"url\":\"https:\\\/\\\/www.nimi.rs\\\/\",\"logo\":{\"@type\":\"ImageObject\",\"inLanguage\":\"en-US\",\"@id\":\"https:\\\/\\\/www.nimi.rs\\\/#\\\/schema\\\/logo\\\/image\\\/\",\"url\":\"https:\\\/\\\/www.nimi.rs\\\/wp-content\\\/uploads\\\/2019\\\/11\\\/Group-2.png\",\"contentUrl\":\"https:\\\/\\\/www.nimi.rs\\\/wp-content\\\/uploads\\\/2019\\\/11\\\/Group-2.png\",\"width\":49,\"height\":46,\"caption\":\"Knjigovodstvena agencija NIMI\"},\"image\":{\"@id\":\"https:\\\/\\\/www.nimi.rs\\\/#\\\/schema\\\/logo\\\/image\\\/\"},\"sameAs\":[\"https:\\\/\\\/www.facebook.com\\\/knjigovodstvenaagencija\\\/\",\"https:\\\/\\\/x.com\\\/Agencija_NIMI\",\"https:\\\/\\\/www.instagram.com\\\/nimi_knjigovodstvo\\\/\",\"https:\\\/\\\/rs.linkedin.com\\\/in\\\/agencija-nimi-knjigovodstvo-69922941\"]}]}<\/script>\n<!-- \/ Yoast SEO plugin. -->","yoast_head_json":{"title":"Knjigovodstvena agencija NIMI &#8226; Ra\u010dunovodstvo","robots":{"index":"index","follow":"follow","max-snippet":"max-snippet:-1","max-image-preview":"max-image-preview:large","max-video-preview":"max-video-preview:-1"},"canonical":"https:\/\/www.nimi.rs\/en\/knjigovodstvo\/","og_locale":"en_US","og_type":"article","og_title":"Knjigovodstvena agencija NIMI &#8226; Ra\u010dunovodstvo","og_description":"Ra\u010dunovodstvo Knjigovodstvo Spremni smo da svoje usluge u ovoj oblasti prilagodimo svakom klijentu pojedina\u010dno, u skladu sa delatno\u0161\u0107u, na\u010dinu i obimu poslovanja. Usluge ra\u010dunovodstva i knjigovodstva pru\u017eamo u skladu sa va\u017ee\u0107im dr\u017eavnim i me\u0111unarodnim standardima i propisima, a u duhu osnovnog postulata svoje struke \u2013 savesno, stru\u010dno, odgovorno i precizno. Vo\u0111enje poslovnih knjiga\u00a0: glavne knjige [&hellip;]","og_url":"https:\/\/www.nimi.rs\/en\/knjigovodstvo\/","og_site_name":"Knjigovodstvena agencija NIMI","article_publisher":"https:\/\/www.facebook.com\/knjigovodstvenaagencija\/","article_modified_time":"2025-12-25T23:42:29+00:00","twitter_card":"summary_large_image","twitter_site":"@Agencija_NIMI","twitter_misc":{"Est. reading time":"1 minute"},"schema":{"@context":"https:\/\/schema.org","@graph":[{"@type":"WebPage","@id":"https:\/\/www.nimi.rs\/knjigovodstvo\/","url":"https:\/\/www.nimi.rs\/knjigovodstvo\/","name":"Knjigovodstvena agencija NIMI &#8226; Ra\u010dunovodstvo","isPartOf":{"@id":"https:\/\/www.nimi.rs\/#website"},"datePublished":"2019-12-12T16:44:42+00:00","dateModified":"2025-12-25T23:42:29+00:00","breadcrumb":{"@id":"https:\/\/www.nimi.rs\/knjigovodstvo\/#breadcrumb"},"inLanguage":"en-US","potentialAction":[{"@type":"ReadAction","target":["https:\/\/www.nimi.rs\/knjigovodstvo\/"]}]},{"@type":"BreadcrumbList","@id":"https:\/\/www.nimi.rs\/knjigovodstvo\/#breadcrumb","itemListElement":[{"@type":"ListItem","position":1,"name":"Po\u010detna","item":"https:\/\/www.nimi.rs\/"},{"@type":"ListItem","position":2,"name":"Ra\u010dunovodstvo"}]},{"@type":"WebSite","@id":"https:\/\/www.nimi.rs\/#website","url":"https:\/\/www.nimi.rs\/","name":"Knjigovodstvena agencija NIMI","description":"Usluge knjigovodstva i ra\u010dunovodstva agencija NIMI pru\u017ea svim vrstama pravnih lica","publisher":{"@id":"https:\/\/www.nimi.rs\/#organization"},"potentialAction":[{"@type":"SearchAction","target":{"@type":"EntryPoint","urlTemplate":"https:\/\/www.nimi.rs\/?s={search_term_string}"},"query-input":{"@type":"PropertyValueSpecification","valueRequired":true,"valueName":"search_term_string"}}],"inLanguage":"en-US"},{"@type":"Organization","@id":"https:\/\/www.nimi.rs\/#organization","name":"Knjigovodstvena agencija NIMI","url":"https:\/\/www.nimi.rs\/","logo":{"@type":"ImageObject","inLanguage":"en-US","@id":"https:\/\/www.nimi.rs\/#\/schema\/logo\/image\/","url":"https:\/\/www.nimi.rs\/wp-content\/uploads\/2019\/11\/Group-2.png","contentUrl":"https:\/\/www.nimi.rs\/wp-content\/uploads\/2019\/11\/Group-2.png","width":49,"height":46,"caption":"Knjigovodstvena agencija NIMI"},"image":{"@id":"https:\/\/www.nimi.rs\/#\/schema\/logo\/image\/"},"sameAs":["https:\/\/www.facebook.com\/knjigovodstvenaagencija\/","https:\/\/x.com\/Agencija_NIMI","https:\/\/www.instagram.com\/nimi_knjigovodstvo\/","https:\/\/rs.linkedin.com\/in\/agencija-nimi-knjigovodstvo-69922941"]}]}},"_links":{"self":[{"href":"https:\/\/www.nimi.rs\/en\/wp-json\/wp\/v2\/pages\/1316","targetHints":{"allow":["GET"]}}],"collection":[{"href":"https:\/\/www.nimi.rs\/en\/wp-json\/wp\/v2\/pages"}],"about":[{"href":"https:\/\/www.nimi.rs\/en\/wp-json\/wp\/v2\/types\/page"}],"author":[{"embeddable":true,"href":"https:\/\/www.nimi.rs\/en\/wp-json\/wp\/v2\/users\/1"}],"replies":[{"embeddable":true,"href":"https:\/\/www.nimi.rs\/en\/wp-json\/wp\/v2\/comments?post=1316"}],"version-history":[{"count":16,"href":"https:\/\/www.nimi.rs\/en\/wp-json\/wp\/v2\/pages\/1316\/revisions"}],"predecessor-version":[{"id":4244,"href":"https:\/\/www.nimi.rs\/en\/wp-json\/wp\/v2\/pages\/1316\/revisions\/4244"}],"wp:attachment":[{"href":"https:\/\/www.nimi.rs\/en\/wp-json\/wp\/v2\/media?parent=1316"}],"curies":[{"name":"wp","href":"https:\/\/api.w.org\/{rel}","templated":true}]}}