{"id":1326,"date":"2019-12-12T17:59:51","date_gmt":"2019-12-12T16:59:51","guid":{"rendered":"http:\/\/www.nimi.rs\/?page_id=1326"},"modified":"2025-12-26T00:40:31","modified_gmt":"2025-12-25T23:40:31","slug":"apr-usluge","status":"publish","type":"page","link":"https:\/\/www.nimi.rs\/en\/apr-usluge\/","title":{"rendered":"Business Registry Services"},"content":{"rendered":"<div data-elementor-type=\"wp-page\" data-elementor-id=\"1326\" class=\"elementor elementor-1326\" data-elementor-post-type=\"page\">\n\t\t\t\t\t\t<section data-particle_enable=\"false\" data-particle-mobile-disabled=\"false\" class=\"elementor-section elementor-top-section elementor-element elementor-element-8d7077e elementor-section-stretched elementor-section-height-min-height elementor-section-boxed elementor-section-height-default elementor-section-items-middle\" data-id=\"8d7077e\" data-element_type=\"section\" data-e-type=\"section\" data-settings=\"{&quot;stretch_section&quot;:&quot;section-stretched&quot;}\">\n\t\t\t\t\t\t<div class=\"elementor-container elementor-column-gap-no\">\n\t\t\t\t\t<div class=\"elementor-column elementor-col-100 elementor-top-column elementor-element elementor-element-33f6bdb\" data-id=\"33f6bdb\" data-element_type=\"column\" data-e-type=\"column\">\n\t\t\t<div class=\"elementor-widget-wrap elementor-element-populated\">\n\t\t\t\t\t\t<div class=\"elementor-element elementor-element-4d34558 elementor-widget elementor-widget-heading\" data-id=\"4d34558\" data-element_type=\"widget\" data-e-type=\"widget\" data-widget_type=\"heading.default\">\n\t\t\t\t<div class=\"elementor-widget-container\">\n\t\t\t\t\t<h1 class=\"elementor-heading-title elementor-size-default\">Business Registers Agency (APR) Services<\/h1>\t\t\t\t<\/div>\n\t\t\t\t<\/div>\n\t\t\t\t<div class=\"elementor-element elementor-element-5efbf2f elementor-widget elementor-widget-spacer\" data-id=\"5efbf2f\" data-element_type=\"widget\" data-e-type=\"widget\" data-widget_type=\"spacer.default\">\n\t\t\t\t<div class=\"elementor-widget-container\">\n\t\t\t\t\t\t\t<div class=\"elementor-spacer\">\n\t\t\t<div class=\"elementor-spacer-inner\"><\/div>\n\t\t<\/div>\n\t\t\t\t\t\t<\/div>\n\t\t\t\t<\/div>\n\t\t\t\t<div class=\"elementor-element elementor-element-713d05b elementor-widget elementor-widget-heading\" data-id=\"713d05b\" data-element_type=\"widget\" data-e-type=\"widget\" data-widget_type=\"heading.default\">\n\t\t\t\t<div class=\"elementor-widget-container\">\n\t\t\t\t\t<h3 class=\"elementor-heading-title elementor-size-default\">We offer discounted service fees to both our existing and potential clients.<\/h3>\t\t\t\t<\/div>\n\t\t\t\t<\/div>\n\t\t\t\t<div class=\"elementor-element elementor-element-136f605 elementor-widget-divider--view-line elementor-widget elementor-widget-divider\" data-id=\"136f605\" data-element_type=\"widget\" data-e-type=\"widget\" data-widget_type=\"divider.default\">\n\t\t\t\t<div class=\"elementor-widget-container\">\n\t\t\t\t\t\t\t<div class=\"elementor-divider\">\n\t\t\t<span class=\"elementor-divider-separator\">\n\t\t\t\t\t\t<\/span>\n\t\t<\/div>\n\t\t\t\t\t\t<\/div>\n\t\t\t\t<\/div>\n\t\t\t\t<div class=\"elementor-element elementor-element-24f7d71 elementor-widget elementor-widget-text-editor\" data-id=\"24f7d71\" data-element_type=\"widget\" data-e-type=\"widget\" data-widget_type=\"text-editor.default\">\n\t\t\t\t<div class=\"elementor-widget-container\">\n\t\t\t\t\t\t\t\t\t<p>In compliance with current legal regulations, all procedures before the Business Registers Agency (APR) are conducted in cooperation with a legal team. We ensure that every process is handled in strict accordance with the law, accurately, swiftly, and efficiently.<\/p><ul><li>Corporate Changes for Legal Entities: Registration of changes regarding company name, legal representatives (directors), registered office address, legal form, and primary business activity.<\/li><li>Changes for Sole Proprietors: Registration of the commencement of business activities, changes in trade name, business seat, or primary activity, as well as the appointment or change of authorized managers and the registration of temporary suspension of activities.<\/li><li>Conversion of Legal Form: Transformation of a sole proprietorship into a limited liability company (LLC).<\/li><li>Company Liquidation: Managing the formal process of closing a legal entity (liquidation).<\/li><li>Deregistration of Sole Proprietors: Formal closure and removal of a sole trader from the register.<\/li><\/ul>\t\t\t\t\t\t\t\t<\/div>\n\t\t\t\t<\/div>\n\t\t\t\t\t<\/div>\n\t\t<\/div>\n\t\t\t\t\t<\/div>\n\t\t<\/section>\n\t\t\t\t<\/div>","protected":false},"excerpt":{"rendered":"<p>APR Usluge Na\u0161im postoje\u0107im i potencijalnim klijentima obezbe\u0111ujemo popust na naknadu za pru\u017eanje ovih usluga. U skladu sa va\u017ee\u0107im zakonskim propisima sve usluge u vezi postupaka pred Agencijom za Privredne Registre sprovodimo u saradnji sa advokatskim timom, postupaju\u0107i u skladu sa zakonskim odredbama, potpuno ispravno a brzo i efikasno. Registracija promena kod privrednih dru\u0161tava (promena [&hellip;]<\/p>\n","protected":false},"author":1,"featured_media":0,"parent":0,"menu_order":0,"comment_status":"closed","ping_status":"closed","template":"","meta":{"site-sidebar-layout":"no-sidebar","site-content-layout":"page-builder","ast-site-content-layout":"default","site-content-style":"default","site-sidebar-style":"default","ast-global-header-display":"","ast-banner-title-visibility":"","ast-main-header-display":"","ast-hfb-above-header-display":"","ast-hfb-below-header-display":"","ast-hfb-mobile-header-display":"","site-post-title":"disabled","ast-breadcrumbs-content":"","ast-featured-img":"disabled","footer-sml-layout":"","ast-disable-related-posts":"","theme-transparent-header-meta":"default","adv-header-id-meta":"","stick-header-meta":"","header-above-stick-meta":"","header-main-stick-meta":"","header-below-stick-meta":"","astra-migrate-meta-layouts":"default","ast-page-background-enabled":"default","ast-page-background-meta":{"desktop":{"background-color":"","background-image":"","background-repeat":"repeat","background-position":"center center","background-size":"auto","background-attachment":"scroll","background-type":"","background-media":"","overlay-type":"","overlay-color":"","overlay-opacity":"","overlay-gradient":""},"tablet":{"background-color":"","background-image":"","background-repeat":"repeat","background-position":"center center","background-size":"auto","background-attachment":"scroll","background-type":"","background-media":"","overlay-type":"","overlay-color":"","overlay-opacity":"","overlay-gradient":""},"mobile":{"background-color":"","background-image":"","background-repeat":"repeat","background-position":"center center","background-size":"auto","background-attachment":"scroll","background-type":"","background-media":"","overlay-type":"","overlay-color":"","overlay-opacity":"","overlay-gradient":""}},"ast-content-background-meta":{"desktop":{"background-color":"var(--ast-global-color-5)","background-image":"","background-repeat":"repeat","background-position":"center center","background-size":"auto","background-attachment":"scroll","background-type":"","background-media":"","overlay-type":"","overlay-color":"","overlay-opacity":"","overlay-gradient":""},"tablet":{"background-color":"var(--ast-global-color-5)","background-image":"","background-repeat":"repeat","background-position":"center center","background-size":"auto","background-attachment":"scroll","background-type":"","background-media":"","overlay-type":"","overlay-color":"","overlay-opacity":"","overlay-gradient":""},"mobile":{"background-color":"var(--ast-global-color-5)","background-image":"","background-repeat":"repeat","background-position":"center center","background-size":"auto","background-attachment":"scroll","background-type":"","background-media":"","overlay-type":"","overlay-color":"","overlay-opacity":"","overlay-gradient":""}},"footnotes":""},"class_list":["post-1326","page","type-page","status-publish","hentry"],"yoast_head":"<!-- This site is optimized with the Yoast SEO plugin v27.4 - https:\/\/yoast.com\/product\/yoast-seo-wordpress\/ -->\n<title>Knjigovodstvena agencija NIMI &#8226; APR usluge<\/title>\n<meta name=\"robots\" content=\"index, follow, max-snippet:-1, max-image-preview:large, max-video-preview:-1\" \/>\n<link rel=\"canonical\" href=\"https:\/\/www.nimi.rs\/en\/apr-usluge\/\" \/>\n<meta property=\"og:locale\" content=\"en_US\" \/>\n<meta property=\"og:type\" content=\"article\" \/>\n<meta property=\"og:title\" content=\"Knjigovodstvena agencija NIMI &#8226; APR usluge\" \/>\n<meta property=\"og:description\" content=\"APR Usluge Na\u0161im postoje\u0107im i potencijalnim klijentima obezbe\u0111ujemo popust na naknadu za pru\u017eanje ovih usluga. U skladu sa va\u017ee\u0107im zakonskim propisima sve usluge u vezi postupaka pred Agencijom za Privredne Registre sprovodimo u saradnji sa advokatskim timom, postupaju\u0107i u skladu sa zakonskim odredbama, potpuno ispravno a brzo i efikasno. Registracija promena kod privrednih dru\u0161tava (promena [&hellip;]\" \/>\n<meta property=\"og:url\" content=\"https:\/\/www.nimi.rs\/en\/apr-usluge\/\" \/>\n<meta property=\"og:site_name\" content=\"Knjigovodstvena agencija NIMI\" \/>\n<meta property=\"article:publisher\" content=\"https:\/\/www.facebook.com\/knjigovodstvenaagencija\/\" \/>\n<meta property=\"article:modified_time\" content=\"2025-12-25T23:40:31+00:00\" \/>\n<meta name=\"twitter:card\" content=\"summary_large_image\" \/>\n<meta name=\"twitter:site\" content=\"@Agencija_NIMI\" \/>\n<meta name=\"twitter:label1\" content=\"Est. reading time\" \/>\n\t<meta name=\"twitter:data1\" content=\"1 minute\" \/>\n<script type=\"application\/ld+json\" class=\"yoast-schema-graph\">{\"@context\":\"https:\\\/\\\/schema.org\",\"@graph\":[{\"@type\":\"WebPage\",\"@id\":\"https:\\\/\\\/www.nimi.rs\\\/apr-usluge\\\/\",\"url\":\"https:\\\/\\\/www.nimi.rs\\\/apr-usluge\\\/\",\"name\":\"Knjigovodstvena agencija NIMI &#8226; APR usluge\",\"isPartOf\":{\"@id\":\"https:\\\/\\\/www.nimi.rs\\\/#website\"},\"datePublished\":\"2019-12-12T16:59:51+00:00\",\"dateModified\":\"2025-12-25T23:40:31+00:00\",\"breadcrumb\":{\"@id\":\"https:\\\/\\\/www.nimi.rs\\\/apr-usluge\\\/#breadcrumb\"},\"inLanguage\":\"en-US\",\"potentialAction\":[{\"@type\":\"ReadAction\",\"target\":[\"https:\\\/\\\/www.nimi.rs\\\/apr-usluge\\\/\"]}]},{\"@type\":\"BreadcrumbList\",\"@id\":\"https:\\\/\\\/www.nimi.rs\\\/apr-usluge\\\/#breadcrumb\",\"itemListElement\":[{\"@type\":\"ListItem\",\"position\":1,\"name\":\"Po\u010detna\",\"item\":\"https:\\\/\\\/www.nimi.rs\\\/\"},{\"@type\":\"ListItem\",\"position\":2,\"name\":\"APR usluge\"}]},{\"@type\":\"WebSite\",\"@id\":\"https:\\\/\\\/www.nimi.rs\\\/#website\",\"url\":\"https:\\\/\\\/www.nimi.rs\\\/\",\"name\":\"Knjigovodstvena agencija NIMI\",\"description\":\"Usluge knjigovodstva i ra\u010dunovodstva agencija NIMI pru\u017ea svim vrstama pravnih lica\",\"publisher\":{\"@id\":\"https:\\\/\\\/www.nimi.rs\\\/#organization\"},\"potentialAction\":[{\"@type\":\"SearchAction\",\"target\":{\"@type\":\"EntryPoint\",\"urlTemplate\":\"https:\\\/\\\/www.nimi.rs\\\/?s={search_term_string}\"},\"query-input\":{\"@type\":\"PropertyValueSpecification\",\"valueRequired\":true,\"valueName\":\"search_term_string\"}}],\"inLanguage\":\"en-US\"},{\"@type\":\"Organization\",\"@id\":\"https:\\\/\\\/www.nimi.rs\\\/#organization\",\"name\":\"Knjigovodstvena agencija NIMI\",\"url\":\"https:\\\/\\\/www.nimi.rs\\\/\",\"logo\":{\"@type\":\"ImageObject\",\"inLanguage\":\"en-US\",\"@id\":\"https:\\\/\\\/www.nimi.rs\\\/#\\\/schema\\\/logo\\\/image\\\/\",\"url\":\"https:\\\/\\\/www.nimi.rs\\\/wp-content\\\/uploads\\\/2019\\\/11\\\/Group-2.png\",\"contentUrl\":\"https:\\\/\\\/www.nimi.rs\\\/wp-content\\\/uploads\\\/2019\\\/11\\\/Group-2.png\",\"width\":49,\"height\":46,\"caption\":\"Knjigovodstvena agencija NIMI\"},\"image\":{\"@id\":\"https:\\\/\\\/www.nimi.rs\\\/#\\\/schema\\\/logo\\\/image\\\/\"},\"sameAs\":[\"https:\\\/\\\/www.facebook.com\\\/knjigovodstvenaagencija\\\/\",\"https:\\\/\\\/x.com\\\/Agencija_NIMI\",\"https:\\\/\\\/www.instagram.com\\\/nimi_knjigovodstvo\\\/\",\"https:\\\/\\\/rs.linkedin.com\\\/in\\\/agencija-nimi-knjigovodstvo-69922941\"]}]}<\/script>\n<!-- \/ Yoast SEO plugin. -->","yoast_head_json":{"title":"Knjigovodstvena agencija NIMI &#8226; APR usluge","robots":{"index":"index","follow":"follow","max-snippet":"max-snippet:-1","max-image-preview":"max-image-preview:large","max-video-preview":"max-video-preview:-1"},"canonical":"https:\/\/www.nimi.rs\/en\/apr-usluge\/","og_locale":"en_US","og_type":"article","og_title":"Knjigovodstvena agencija NIMI &#8226; APR usluge","og_description":"APR Usluge Na\u0161im postoje\u0107im i potencijalnim klijentima obezbe\u0111ujemo popust na naknadu za pru\u017eanje ovih usluga. U skladu sa va\u017ee\u0107im zakonskim propisima sve usluge u vezi postupaka pred Agencijom za Privredne Registre sprovodimo u saradnji sa advokatskim timom, postupaju\u0107i u skladu sa zakonskim odredbama, potpuno ispravno a brzo i efikasno. Registracija promena kod privrednih dru\u0161tava (promena [&hellip;]","og_url":"https:\/\/www.nimi.rs\/en\/apr-usluge\/","og_site_name":"Knjigovodstvena agencija NIMI","article_publisher":"https:\/\/www.facebook.com\/knjigovodstvenaagencija\/","article_modified_time":"2025-12-25T23:40:31+00:00","twitter_card":"summary_large_image","twitter_site":"@Agencija_NIMI","twitter_misc":{"Est. reading time":"1 minute"},"schema":{"@context":"https:\/\/schema.org","@graph":[{"@type":"WebPage","@id":"https:\/\/www.nimi.rs\/apr-usluge\/","url":"https:\/\/www.nimi.rs\/apr-usluge\/","name":"Knjigovodstvena agencija NIMI &#8226; APR usluge","isPartOf":{"@id":"https:\/\/www.nimi.rs\/#website"},"datePublished":"2019-12-12T16:59:51+00:00","dateModified":"2025-12-25T23:40:31+00:00","breadcrumb":{"@id":"https:\/\/www.nimi.rs\/apr-usluge\/#breadcrumb"},"inLanguage":"en-US","potentialAction":[{"@type":"ReadAction","target":["https:\/\/www.nimi.rs\/apr-usluge\/"]}]},{"@type":"BreadcrumbList","@id":"https:\/\/www.nimi.rs\/apr-usluge\/#breadcrumb","itemListElement":[{"@type":"ListItem","position":1,"name":"Po\u010detna","item":"https:\/\/www.nimi.rs\/"},{"@type":"ListItem","position":2,"name":"APR usluge"}]},{"@type":"WebSite","@id":"https:\/\/www.nimi.rs\/#website","url":"https:\/\/www.nimi.rs\/","name":"Knjigovodstvena agencija NIMI","description":"Usluge knjigovodstva i ra\u010dunovodstva agencija NIMI pru\u017ea svim vrstama pravnih lica","publisher":{"@id":"https:\/\/www.nimi.rs\/#organization"},"potentialAction":[{"@type":"SearchAction","target":{"@type":"EntryPoint","urlTemplate":"https:\/\/www.nimi.rs\/?s={search_term_string}"},"query-input":{"@type":"PropertyValueSpecification","valueRequired":true,"valueName":"search_term_string"}}],"inLanguage":"en-US"},{"@type":"Organization","@id":"https:\/\/www.nimi.rs\/#organization","name":"Knjigovodstvena agencija NIMI","url":"https:\/\/www.nimi.rs\/","logo":{"@type":"ImageObject","inLanguage":"en-US","@id":"https:\/\/www.nimi.rs\/#\/schema\/logo\/image\/","url":"https:\/\/www.nimi.rs\/wp-content\/uploads\/2019\/11\/Group-2.png","contentUrl":"https:\/\/www.nimi.rs\/wp-content\/uploads\/2019\/11\/Group-2.png","width":49,"height":46,"caption":"Knjigovodstvena agencija NIMI"},"image":{"@id":"https:\/\/www.nimi.rs\/#\/schema\/logo\/image\/"},"sameAs":["https:\/\/www.facebook.com\/knjigovodstvenaagencija\/","https:\/\/x.com\/Agencija_NIMI","https:\/\/www.instagram.com\/nimi_knjigovodstvo\/","https:\/\/rs.linkedin.com\/in\/agencija-nimi-knjigovodstvo-69922941"]}]}},"_links":{"self":[{"href":"https:\/\/www.nimi.rs\/en\/wp-json\/wp\/v2\/pages\/1326","targetHints":{"allow":["GET"]}}],"collection":[{"href":"https:\/\/www.nimi.rs\/en\/wp-json\/wp\/v2\/pages"}],"about":[{"href":"https:\/\/www.nimi.rs\/en\/wp-json\/wp\/v2\/types\/page"}],"author":[{"embeddable":true,"href":"https:\/\/www.nimi.rs\/en\/wp-json\/wp\/v2\/users\/1"}],"replies":[{"embeddable":true,"href":"https:\/\/www.nimi.rs\/en\/wp-json\/wp\/v2\/comments?post=1326"}],"version-history":[{"count":16,"href":"https:\/\/www.nimi.rs\/en\/wp-json\/wp\/v2\/pages\/1326\/revisions"}],"predecessor-version":[{"id":4255,"href":"https:\/\/www.nimi.rs\/en\/wp-json\/wp\/v2\/pages\/1326\/revisions\/4255"}],"wp:attachment":[{"href":"https:\/\/www.nimi.rs\/en\/wp-json\/wp\/v2\/media?parent=1326"}],"curies":[{"name":"wp","href":"https:\/\/api.w.org\/{rel}","templated":true}]}}