{"id":1336,"date":"2019-12-12T18:12:02","date_gmt":"2019-12-12T17:12:02","guid":{"rendered":"http:\/\/www.nimi.rs\/?page_id=1336"},"modified":"2025-12-26T00:44:32","modified_gmt":"2025-12-25T23:44:32","slug":"pravne-usluge","status":"publish","type":"page","link":"https:\/\/www.nimi.rs\/en\/pravne-usluge\/","title":{"rendered":"Legal Services"},"content":{"rendered":"<div data-elementor-type=\"wp-page\" data-elementor-id=\"1336\" class=\"elementor elementor-1336\" data-elementor-post-type=\"page\">\n\t\t\t\t\t\t<section data-particle_enable=\"false\" data-particle-mobile-disabled=\"false\" class=\"elementor-section elementor-top-section elementor-element elementor-element-8d7077e elementor-section-stretched elementor-section-height-min-height elementor-section-boxed elementor-section-height-default elementor-section-items-middle\" data-id=\"8d7077e\" data-element_type=\"section\" data-e-type=\"section\" data-settings=\"{&quot;stretch_section&quot;:&quot;section-stretched&quot;}\">\n\t\t\t\t\t\t<div class=\"elementor-container elementor-column-gap-no\">\n\t\t\t\t\t<div class=\"elementor-column elementor-col-100 elementor-top-column elementor-element elementor-element-33f6bdb\" data-id=\"33f6bdb\" data-element_type=\"column\" data-e-type=\"column\">\n\t\t\t<div class=\"elementor-widget-wrap elementor-element-populated\">\n\t\t\t\t\t\t<div class=\"elementor-element elementor-element-4d34558 elementor-widget elementor-widget-heading\" data-id=\"4d34558\" data-element_type=\"widget\" data-e-type=\"widget\" data-widget_type=\"heading.default\">\n\t\t\t\t<div class=\"elementor-widget-container\">\n\t\t\t\t\t<h1 class=\"elementor-heading-title elementor-size-default\">Legal services<\/h1>\t\t\t\t<\/div>\n\t\t\t\t<\/div>\n\t\t\t\t<div class=\"elementor-element elementor-element-5efbf2f elementor-widget elementor-widget-spacer\" data-id=\"5efbf2f\" data-element_type=\"widget\" data-e-type=\"widget\" data-widget_type=\"spacer.default\">\n\t\t\t\t<div class=\"elementor-widget-container\">\n\t\t\t\t\t\t\t<div class=\"elementor-spacer\">\n\t\t\t<div class=\"elementor-spacer-inner\"><\/div>\n\t\t<\/div>\n\t\t\t\t\t\t<\/div>\n\t\t\t\t<\/div>\n\t\t\t\t<div class=\"elementor-element elementor-element-713d05b elementor-widget elementor-widget-heading\" data-id=\"713d05b\" data-element_type=\"widget\" data-e-type=\"widget\" data-widget_type=\"heading.default\">\n\t\t\t\t<div class=\"elementor-widget-container\">\n\t\t\t\t\t<h3 class=\"elementor-heading-title elementor-size-default\">As part of our offer, we provide comprehensive legal services related to your business operations, development, and legal protection.<\/h3>\t\t\t\t<\/div>\n\t\t\t\t<\/div>\n\t\t\t\t<div class=\"elementor-element elementor-element-136f605 elementor-widget-divider--view-line elementor-widget elementor-widget-divider\" data-id=\"136f605\" data-element_type=\"widget\" data-e-type=\"widget\" data-widget_type=\"divider.default\">\n\t\t\t\t<div class=\"elementor-widget-container\">\n\t\t\t\t\t\t\t<div class=\"elementor-divider\">\n\t\t\t<span class=\"elementor-divider-separator\">\n\t\t\t\t\t\t<\/span>\n\t\t<\/div>\n\t\t\t\t\t\t<\/div>\n\t\t\t\t<\/div>\n\t\t\t\t<div class=\"elementor-element elementor-element-24f7d71 elementor-widget elementor-widget-text-editor\" data-id=\"24f7d71\" data-element_type=\"widget\" data-e-type=\"widget\" data-widget_type=\"text-editor.default\">\n\t\t\t\t<div class=\"elementor-widget-container\">\n\t\t\t\t\t\t\t\t\t<p><p>In collaboration with a highly successful legal team specializing in corporate and labor law, we offer comprehensive legal services to support, improve, and protect your business.<\/p>\n\n<p>Our partner legal team excels in representing companies in all types of legal proceedings\u2014including judicial, out-of-court, and administrative matters\u2014as well as before all state authorities and the Business Registers Agency (APR). By integrating legal expertise with our financial services, we ensure that your business operations are legally sound and fully protected.<\/p><\/p>\t\t\t\t\t\t\t\t<\/div>\n\t\t\t\t<\/div>\n\t\t\t\t\t<\/div>\n\t\t<\/div>\n\t\t\t\t\t<\/div>\n\t\t<\/section>\n\t\t\t\t<\/div>","protected":false},"excerpt":{"rendered":"<p>Pravne Usluge U sklopu svoji usluga nudimo i adekvatno pru\u017eanje svih vrsta pravnih usluga vezanih za Va\u0161e poslovanje, unapredjenje ili za\u0161titu istog. U saradnji sa uspe\u0161nim Advokatskim timom koji svoju delatnu aktivnost bazira na privrednom i radnom pravu,\u00a0 uspe\u0161nom zastupanju privrednih dru\u0161tava u svim vrstama postupaka, kako sudskim tako i vansudskim, upravnim i svim vrstama [&hellip;]<\/p>\n","protected":false},"author":1,"featured_media":0,"parent":0,"menu_order":0,"comment_status":"closed","ping_status":"closed","template":"","meta":{"site-sidebar-layout":"no-sidebar","site-content-layout":"page-builder","ast-site-content-layout":"default","site-content-style":"default","site-sidebar-style":"default","ast-global-header-display":"","ast-banner-title-visibility":"","ast-main-header-display":"","ast-hfb-above-header-display":"","ast-hfb-below-header-display":"","ast-hfb-mobile-header-display":"","site-post-title":"disabled","ast-breadcrumbs-content":"","ast-featured-img":"disabled","footer-sml-layout":"","ast-disable-related-posts":"","theme-transparent-header-meta":"default","adv-header-id-meta":"","stick-header-meta":"","header-above-stick-meta":"","header-main-stick-meta":"","header-below-stick-meta":"","astra-migrate-meta-layouts":"default","ast-page-background-enabled":"default","ast-page-background-meta":{"desktop":{"background-color":"","background-image":"","background-repeat":"repeat","background-position":"center center","background-size":"auto","background-attachment":"scroll","background-type":"","background-media":"","overlay-type":"","overlay-color":"","overlay-opacity":"","overlay-gradient":""},"tablet":{"background-color":"","background-image":"","background-repeat":"repeat","background-position":"center center","background-size":"auto","background-attachment":"scroll","background-type":"","background-media":"","overlay-type":"","overlay-color":"","overlay-opacity":"","overlay-gradient":""},"mobile":{"background-color":"","background-image":"","background-repeat":"repeat","background-position":"center center","background-size":"auto","background-attachment":"scroll","background-type":"","background-media":"","overlay-type":"","overlay-color":"","overlay-opacity":"","overlay-gradient":""}},"ast-content-background-meta":{"desktop":{"background-color":"var(--ast-global-color-5)","background-image":"","background-repeat":"repeat","background-position":"center center","background-size":"auto","background-attachment":"scroll","background-type":"","background-media":"","overlay-type":"","overlay-color":"","overlay-opacity":"","overlay-gradient":""},"tablet":{"background-color":"var(--ast-global-color-5)","background-image":"","background-repeat":"repeat","background-position":"center center","background-size":"auto","background-attachment":"scroll","background-type":"","background-media":"","overlay-type":"","overlay-color":"","overlay-opacity":"","overlay-gradient":""},"mobile":{"background-color":"var(--ast-global-color-5)","background-image":"","background-repeat":"repeat","background-position":"center center","background-size":"auto","background-attachment":"scroll","background-type":"","background-media":"","overlay-type":"","overlay-color":"","overlay-opacity":"","overlay-gradient":""}},"footnotes":""},"class_list":["post-1336","page","type-page","status-publish","hentry"],"yoast_head":"<!-- This site is optimized with the Yoast SEO plugin v27.4 - https:\/\/yoast.com\/product\/yoast-seo-wordpress\/ -->\n<title>Knjigovodstvena agencija NIMI &#8226; Pravne usluge<\/title>\n<meta name=\"robots\" content=\"index, follow, max-snippet:-1, max-image-preview:large, max-video-preview:-1\" \/>\n<link rel=\"canonical\" href=\"https:\/\/www.nimi.rs\/en\/pravne-usluge\/\" \/>\n<meta property=\"og:locale\" content=\"en_US\" \/>\n<meta property=\"og:type\" content=\"article\" \/>\n<meta property=\"og:title\" content=\"Knjigovodstvena agencija NIMI &#8226; Pravne usluge\" \/>\n<meta property=\"og:description\" content=\"Pravne Usluge U sklopu svoji usluga nudimo i adekvatno pru\u017eanje svih vrsta pravnih usluga vezanih za Va\u0161e poslovanje, unapredjenje ili za\u0161titu istog. U saradnji sa uspe\u0161nim Advokatskim timom koji svoju delatnu aktivnost bazira na privrednom i radnom pravu,\u00a0 uspe\u0161nom zastupanju privrednih dru\u0161tava u svim vrstama postupaka, kako sudskim tako i vansudskim, upravnim i svim vrstama [&hellip;]\" \/>\n<meta property=\"og:url\" content=\"https:\/\/www.nimi.rs\/en\/pravne-usluge\/\" \/>\n<meta property=\"og:site_name\" content=\"Knjigovodstvena agencija NIMI\" \/>\n<meta property=\"article:publisher\" content=\"https:\/\/www.facebook.com\/knjigovodstvenaagencija\/\" \/>\n<meta property=\"article:modified_time\" content=\"2025-12-25T23:44:32+00:00\" \/>\n<meta name=\"twitter:card\" content=\"summary_large_image\" \/>\n<meta name=\"twitter:site\" content=\"@Agencija_NIMI\" \/>\n<script type=\"application\/ld+json\" class=\"yoast-schema-graph\">{\"@context\":\"https:\\\/\\\/schema.org\",\"@graph\":[{\"@type\":\"WebPage\",\"@id\":\"https:\\\/\\\/www.nimi.rs\\\/pravne-usluge\\\/\",\"url\":\"https:\\\/\\\/www.nimi.rs\\\/pravne-usluge\\\/\",\"name\":\"Knjigovodstvena agencija NIMI &#8226; Pravne usluge\",\"isPartOf\":{\"@id\":\"https:\\\/\\\/www.nimi.rs\\\/#website\"},\"datePublished\":\"2019-12-12T17:12:02+00:00\",\"dateModified\":\"2025-12-25T23:44:32+00:00\",\"breadcrumb\":{\"@id\":\"https:\\\/\\\/www.nimi.rs\\\/pravne-usluge\\\/#breadcrumb\"},\"inLanguage\":\"en-US\",\"potentialAction\":[{\"@type\":\"ReadAction\",\"target\":[\"https:\\\/\\\/www.nimi.rs\\\/pravne-usluge\\\/\"]}]},{\"@type\":\"BreadcrumbList\",\"@id\":\"https:\\\/\\\/www.nimi.rs\\\/pravne-usluge\\\/#breadcrumb\",\"itemListElement\":[{\"@type\":\"ListItem\",\"position\":1,\"name\":\"Po\u010detna\",\"item\":\"https:\\\/\\\/www.nimi.rs\\\/\"},{\"@type\":\"ListItem\",\"position\":2,\"name\":\"Pravne usluge\"}]},{\"@type\":\"WebSite\",\"@id\":\"https:\\\/\\\/www.nimi.rs\\\/#website\",\"url\":\"https:\\\/\\\/www.nimi.rs\\\/\",\"name\":\"Knjigovodstvena agencija NIMI\",\"description\":\"Usluge knjigovodstva i ra\u010dunovodstva agencija NIMI pru\u017ea svim vrstama pravnih lica\",\"publisher\":{\"@id\":\"https:\\\/\\\/www.nimi.rs\\\/#organization\"},\"potentialAction\":[{\"@type\":\"SearchAction\",\"target\":{\"@type\":\"EntryPoint\",\"urlTemplate\":\"https:\\\/\\\/www.nimi.rs\\\/?s={search_term_string}\"},\"query-input\":{\"@type\":\"PropertyValueSpecification\",\"valueRequired\":true,\"valueName\":\"search_term_string\"}}],\"inLanguage\":\"en-US\"},{\"@type\":\"Organization\",\"@id\":\"https:\\\/\\\/www.nimi.rs\\\/#organization\",\"name\":\"Knjigovodstvena agencija NIMI\",\"url\":\"https:\\\/\\\/www.nimi.rs\\\/\",\"logo\":{\"@type\":\"ImageObject\",\"inLanguage\":\"en-US\",\"@id\":\"https:\\\/\\\/www.nimi.rs\\\/#\\\/schema\\\/logo\\\/image\\\/\",\"url\":\"https:\\\/\\\/www.nimi.rs\\\/wp-content\\\/uploads\\\/2019\\\/11\\\/Group-2.png\",\"contentUrl\":\"https:\\\/\\\/www.nimi.rs\\\/wp-content\\\/uploads\\\/2019\\\/11\\\/Group-2.png\",\"width\":49,\"height\":46,\"caption\":\"Knjigovodstvena agencija NIMI\"},\"image\":{\"@id\":\"https:\\\/\\\/www.nimi.rs\\\/#\\\/schema\\\/logo\\\/image\\\/\"},\"sameAs\":[\"https:\\\/\\\/www.facebook.com\\\/knjigovodstvenaagencija\\\/\",\"https:\\\/\\\/x.com\\\/Agencija_NIMI\",\"https:\\\/\\\/www.instagram.com\\\/nimi_knjigovodstvo\\\/\",\"https:\\\/\\\/rs.linkedin.com\\\/in\\\/agencija-nimi-knjigovodstvo-69922941\"]}]}<\/script>\n<!-- \/ Yoast SEO plugin. -->","yoast_head_json":{"title":"Knjigovodstvena agencija NIMI &#8226; Pravne usluge","robots":{"index":"index","follow":"follow","max-snippet":"max-snippet:-1","max-image-preview":"max-image-preview:large","max-video-preview":"max-video-preview:-1"},"canonical":"https:\/\/www.nimi.rs\/en\/pravne-usluge\/","og_locale":"en_US","og_type":"article","og_title":"Knjigovodstvena agencija NIMI &#8226; Pravne usluge","og_description":"Pravne Usluge U sklopu svoji usluga nudimo i adekvatno pru\u017eanje svih vrsta pravnih usluga vezanih za Va\u0161e poslovanje, unapredjenje ili za\u0161titu istog. U saradnji sa uspe\u0161nim Advokatskim timom koji svoju delatnu aktivnost bazira na privrednom i radnom pravu,\u00a0 uspe\u0161nom zastupanju privrednih dru\u0161tava u svim vrstama postupaka, kako sudskim tako i vansudskim, upravnim i svim vrstama [&hellip;]","og_url":"https:\/\/www.nimi.rs\/en\/pravne-usluge\/","og_site_name":"Knjigovodstvena agencija NIMI","article_publisher":"https:\/\/www.facebook.com\/knjigovodstvenaagencija\/","article_modified_time":"2025-12-25T23:44:32+00:00","twitter_card":"summary_large_image","twitter_site":"@Agencija_NIMI","schema":{"@context":"https:\/\/schema.org","@graph":[{"@type":"WebPage","@id":"https:\/\/www.nimi.rs\/pravne-usluge\/","url":"https:\/\/www.nimi.rs\/pravne-usluge\/","name":"Knjigovodstvena agencija NIMI &#8226; Pravne usluge","isPartOf":{"@id":"https:\/\/www.nimi.rs\/#website"},"datePublished":"2019-12-12T17:12:02+00:00","dateModified":"2025-12-25T23:44:32+00:00","breadcrumb":{"@id":"https:\/\/www.nimi.rs\/pravne-usluge\/#breadcrumb"},"inLanguage":"en-US","potentialAction":[{"@type":"ReadAction","target":["https:\/\/www.nimi.rs\/pravne-usluge\/"]}]},{"@type":"BreadcrumbList","@id":"https:\/\/www.nimi.rs\/pravne-usluge\/#breadcrumb","itemListElement":[{"@type":"ListItem","position":1,"name":"Po\u010detna","item":"https:\/\/www.nimi.rs\/"},{"@type":"ListItem","position":2,"name":"Pravne usluge"}]},{"@type":"WebSite","@id":"https:\/\/www.nimi.rs\/#website","url":"https:\/\/www.nimi.rs\/","name":"Knjigovodstvena agencija NIMI","description":"Usluge knjigovodstva i ra\u010dunovodstva agencija NIMI pru\u017ea svim vrstama pravnih lica","publisher":{"@id":"https:\/\/www.nimi.rs\/#organization"},"potentialAction":[{"@type":"SearchAction","target":{"@type":"EntryPoint","urlTemplate":"https:\/\/www.nimi.rs\/?s={search_term_string}"},"query-input":{"@type":"PropertyValueSpecification","valueRequired":true,"valueName":"search_term_string"}}],"inLanguage":"en-US"},{"@type":"Organization","@id":"https:\/\/www.nimi.rs\/#organization","name":"Knjigovodstvena agencija NIMI","url":"https:\/\/www.nimi.rs\/","logo":{"@type":"ImageObject","inLanguage":"en-US","@id":"https:\/\/www.nimi.rs\/#\/schema\/logo\/image\/","url":"https:\/\/www.nimi.rs\/wp-content\/uploads\/2019\/11\/Group-2.png","contentUrl":"https:\/\/www.nimi.rs\/wp-content\/uploads\/2019\/11\/Group-2.png","width":49,"height":46,"caption":"Knjigovodstvena agencija NIMI"},"image":{"@id":"https:\/\/www.nimi.rs\/#\/schema\/logo\/image\/"},"sameAs":["https:\/\/www.facebook.com\/knjigovodstvenaagencija\/","https:\/\/x.com\/Agencija_NIMI","https:\/\/www.instagram.com\/nimi_knjigovodstvo\/","https:\/\/rs.linkedin.com\/in\/agencija-nimi-knjigovodstvo-69922941"]}]}},"_links":{"self":[{"href":"https:\/\/www.nimi.rs\/en\/wp-json\/wp\/v2\/pages\/1336","targetHints":{"allow":["GET"]}}],"collection":[{"href":"https:\/\/www.nimi.rs\/en\/wp-json\/wp\/v2\/pages"}],"about":[{"href":"https:\/\/www.nimi.rs\/en\/wp-json\/wp\/v2\/types\/page"}],"author":[{"embeddable":true,"href":"https:\/\/www.nimi.rs\/en\/wp-json\/wp\/v2\/users\/1"}],"replies":[{"embeddable":true,"href":"https:\/\/www.nimi.rs\/en\/wp-json\/wp\/v2\/comments?post=1336"}],"version-history":[{"count":13,"href":"https:\/\/www.nimi.rs\/en\/wp-json\/wp\/v2\/pages\/1336\/revisions"}],"predecessor-version":[{"id":4250,"href":"https:\/\/www.nimi.rs\/en\/wp-json\/wp\/v2\/pages\/1336\/revisions\/4250"}],"wp:attachment":[{"href":"https:\/\/www.nimi.rs\/en\/wp-json\/wp\/v2\/media?parent=1336"}],"curies":[{"name":"wp","href":"https:\/\/api.w.org\/{rel}","templated":true}]}}