{"id":2861,"date":"2021-12-17T12:21:15","date_gmt":"2021-12-17T11:21:15","guid":{"rendered":"https:\/\/www.nimi.rs\/?page_id=2861"},"modified":"2021-12-17T12:32:27","modified_gmt":"2021-12-17T11:32:27","slug":"uslovi-koriscenja","status":"publish","type":"page","link":"https:\/\/www.nimi.rs\/en\/uslovi-koriscenja\/","title":{"rendered":"Terms of Use"},"content":{"rendered":"<div data-elementor-type=\"wp-page\" data-elementor-id=\"2861\" class=\"elementor elementor-2861\" data-elementor-post-type=\"page\">\n\t\t\t\t\t\t<section data-particle_enable=\"false\" data-particle-mobile-disabled=\"false\" class=\"elementor-section elementor-top-section elementor-element elementor-element-1eda634c elementor-section-boxed elementor-section-height-default elementor-section-height-default\" data-id=\"1eda634c\" data-element_type=\"section\" data-e-type=\"section\">\n\t\t\t\t\t\t<div class=\"elementor-container elementor-column-gap-default\">\n\t\t\t\t\t<div class=\"elementor-column elementor-col-100 elementor-top-column elementor-element elementor-element-11cc26a9\" data-id=\"11cc26a9\" data-element_type=\"column\" data-e-type=\"column\">\n\t\t\t<div class=\"elementor-widget-wrap elementor-element-populated\">\n\t\t\t\t\t\t<div class=\"elementor-element elementor-element-737a7816 elementor-invisible elementor-widget elementor-widget-heading\" data-id=\"737a7816\" data-element_type=\"widget\" data-e-type=\"widget\" data-settings=\"{&quot;_animation&quot;:&quot;fadeInUp&quot;,&quot;_animation_tablet&quot;:&quot;none&quot;,&quot;_animation_mobile&quot;:&quot;none&quot;}\" data-widget_type=\"heading.default\">\n\t\t\t\t<div class=\"elementor-widget-container\">\n\t\t\t\t\t<h1 class=\"elementor-heading-title elementor-size-default\">Uslovi kori\u0161\u0107enja sajta<\/h1>\t\t\t\t<\/div>\n\t\t\t\t<\/div>\n\t\t\t\t<div class=\"elementor-element elementor-element-7e256ac elementor-invisible elementor-widget elementor-widget-text-editor\" data-id=\"7e256ac\" data-element_type=\"widget\" data-e-type=\"widget\" data-settings=\"{&quot;_animation&quot;:&quot;fadeInUp&quot;,&quot;_animation_tablet&quot;:&quot;none&quot;,&quot;_animation_delay&quot;:100}\" data-widget_type=\"text-editor.default\">\n\t\t\t\t<div class=\"elementor-widget-container\">\n\t\t\t\t\t\t\t\t\t<p>Hvala \u0161to ste posetili na\u0161 internet sajt NIMI.RS.\u00a0<\/p>\t\t\t\t\t\t\t\t<\/div>\n\t\t\t\t<\/div>\n\t\t\t\t\t<\/div>\n\t\t<\/div>\n\t\t\t\t\t<\/div>\n\t\t<\/section>\n\t\t\t\t<section data-particle_enable=\"false\" data-particle-mobile-disabled=\"false\" class=\"elementor-section elementor-top-section elementor-element elementor-element-4e97158 elementor-section-boxed elementor-section-height-default elementor-section-height-default\" data-id=\"4e97158\" data-element_type=\"section\" data-e-type=\"section\">\n\t\t\t\t\t\t<div class=\"elementor-container elementor-column-gap-default\">\n\t\t\t\t\t<div class=\"elementor-column elementor-col-100 elementor-top-column elementor-element elementor-element-ea2e838\" data-id=\"ea2e838\" data-element_type=\"column\" data-e-type=\"column\">\n\t\t\t<div class=\"elementor-widget-wrap elementor-element-populated\">\n\t\t\t\t\t\t<div class=\"elementor-element elementor-element-3a56353 elementor-widget elementor-widget-text-editor\" data-id=\"3a56353\" data-element_type=\"widget\" data-e-type=\"widget\" data-widget_type=\"text-editor.default\">\n\t\t\t\t<div class=\"elementor-widget-container\">\n\t\t\t\t\t\t\t\t\t<p>Va\u0161 pristup, kao i kori\u0161\u0107enje ovog na\u0161eg internet sajta (u daljem tekstu \u201esajt\u201c) podle\u017ee ovim uslovima kori\u0161\u0107enja i va\u017ee\u0107im zakonskim propisima koji ure\u0111uju ovu oblast. Pristupom i kori\u0161\u0107enjem sajta, prihvatate bez ograni\u010denja, ove uslove kori\u0161\u0107enja.\u00a0Ukoliko ne prihvatate ove uslove kori\u0161\u0107enja bez ograni\u010denja, molimo Vas da napustite sajt<\/p>\t\t\t\t\t\t\t\t<\/div>\n\t\t\t\t<\/div>\n\t\t\t\t<div class=\"elementor-element elementor-element-1bceb99 elementor-widget elementor-widget-heading\" data-id=\"1bceb99\" data-element_type=\"widget\" data-e-type=\"widget\" data-widget_type=\"heading.default\">\n\t\t\t\t<div class=\"elementor-widget-container\">\n\t\t\t\t\t<h5 class=\"elementor-heading-title elementor-size-default\">Intelektualna svojina<\/h5>\t\t\t\t<\/div>\n\t\t\t\t<\/div>\n\t\t\t\t<div class=\"elementor-element elementor-element-a897851 elementor-widget elementor-widget-text-editor\" data-id=\"a897851\" data-element_type=\"widget\" data-e-type=\"widget\" data-widget_type=\"text-editor.default\">\n\t\t\t\t<div class=\"elementor-widget-container\">\n\t\t\t\t\t\t\t\t\t<p>Sajt i svi tekstovi, logotipi, grafika, slike, audio i video materijal i ostali materijal na ovom internet sajtu (u daljem tekstu \u201eSadr\u017eaj\u201c), jesu autorsko pravo ili vlasni\u0161tvo privrednog dru\u0161tva Nimi d.o.o. (u daljem tekstu \u201eNIMI\u201c)\u00a0ili su na sajt postavljeni uz dozvolu vlasnika ili ovla\u0161\u0107enog nosioca prava.\u00a0<\/p><p>NIMI zadr\u017eava sva registrovana i neregistrovana autorska prava na sajtu.<\/p><p>Dozvoljeno je pregledanje, deljenje na dru\u0161tvanim mre\u017eama ili \u0161tampanje stranica sa sajta za li\u010dne, nau\u010dne, neprofitabilne i nekomercijalne namene.<\/p><p>Dozvoljeno je kri\u0161\u0107enje i publikovanje informacija ili delova tekstova u nekomercijalne, neprofitabilne ili nau\u010dne svrhe uz precizno navodjenje sajta NIMI-a kao izvora podataka.<\/p><p>Nije dozvoljeno modifikovanje, kopiranje, reprodukcija, objavljivanje niti prodaja bilo kog materijala uklju\u010duju\u0107i grafiku, ilustracije, tekst, informacije ili usluge dostupne na sajtu bez prethodne pismene dozvole NIIMI-a.<\/p><p>NIMI \u0107e za\u0161titi svoja autorska prava, svoja prava intelektualne svojine i ostala srodna prava, kao i druga prava, u najve\u0107oj meri dozvoljenoj zakonom, uklju\u010duju\u0107i i krivi\u010dno gonjenje.<\/p>\t\t\t\t\t\t\t\t<\/div>\n\t\t\t\t<\/div>\n\t\t\t\t<div class=\"elementor-element elementor-element-2c256b3 elementor-widget elementor-widget-heading\" data-id=\"2c256b3\" data-element_type=\"widget\" data-e-type=\"widget\" data-widget_type=\"heading.default\">\n\t\t\t\t<div class=\"elementor-widget-container\">\n\t\t\t\t\t<h5 class=\"elementor-heading-title elementor-size-default\">Informacije koje dobijamo od Vas i njihova upotreba<\/h5>\t\t\t\t<\/div>\n\t\t\t\t<\/div>\n\t\t\t\t<div class=\"elementor-element elementor-element-59c47db elementor-widget elementor-widget-text-editor\" data-id=\"59c47db\" data-element_type=\"widget\" data-e-type=\"widget\" data-widget_type=\"text-editor.default\">\n\t\t\t\t<div class=\"elementor-widget-container\">\n\t\t\t\t\t\t\t\t\t<p>Sajt ne sakuplja informacije o va\u0161em li\u010dnom identitetu.<br \/>Sajt zadr\u017eava pravo da sakuplja slede\u0107e informacije o svojim korisnicima:\u00a0<\/p><ul><li>ime domena sa kog je pristupljeno sajtu,<\/li><li>datum, vreme i mesto odakle se pristupa sajtu,<\/li><li>adresa (tako\u0111e poznata kao URL adresa) sa koje je kliknuto pristupljeno na link za pristup Sajtu,<\/li><li>podatke koji su neophodni za izradu redovnih statisti\u010dkih analiza.<\/li><\/ul><p>Informacije o imenima domena do kojih do\u0111emo ne koristimo kako bismo Vas li\u010dno identifikovali, ve\u0107 da bi na osnovu tih i drugih informacija izmerili broj poseta Sajtu, prose\u010dno vreme provedeno na Sajtu, pregledane stranice itd. Ove informacije koristimo\u00a0isklju\u010divo da bi izmerili frekvenciju pose\u0107ivanja na\u0161eg internet sajta i unapredili njegov sadr\u017eaj.<\/p>\t\t\t\t\t\t\t\t<\/div>\n\t\t\t\t<\/div>\n\t\t\t\t<div class=\"elementor-element elementor-element-8ee6a54 elementor-widget elementor-widget-heading\" data-id=\"8ee6a54\" data-element_type=\"widget\" data-e-type=\"widget\" data-widget_type=\"heading.default\">\n\t\t\t\t<div class=\"elementor-widget-container\">\n\t\t\t\t\t<h6 class=\"elementor-heading-title elementor-size-default\">Linkovi na druge sajtove<\/h6>\t\t\t\t<\/div>\n\t\t\t\t<\/div>\n\t\t\t\t<div class=\"elementor-element elementor-element-b7c8c8c elementor-widget elementor-widget-text-editor\" data-id=\"b7c8c8c\" data-element_type=\"widget\" data-e-type=\"widget\" data-widget_type=\"text-editor.default\">\n\t\t\t\t<div class=\"elementor-widget-container\">\n\t\t\t\t\t\t\t\t\t<p>Sajt mo\u017ee sadr\u017eati linkove drugih internet sajtova \u010diji vlasnik ili korisnik nije NIMI. Takvi linkovi su obezbe\u0111eni isklju\u010divo da bi Vama pru\u017eili \u0161to vi\u0161e informacija. NIMI ne kontroli\u0161e i nije odgovorna za rad, sadr\u017eaj, politiku privatnosti ili bezbednost ovih sajtova. NIMI ne kontroli\u0161e sadr\u017eaj ili proizvode ili usluge dostupne na ovim internet sajtovima. Ukoliko odlu\u010dite da pristupite nekom od sajtova na koje vode linkovi sa na\u0161eg sajta, \u010dinite to na sopstvenu odgovornost.<\/p>\t\t\t\t\t\t\t\t<\/div>\n\t\t\t\t<\/div>\n\t\t\t\t<div class=\"elementor-element elementor-element-41fc509 elementor-widget elementor-widget-text-editor\" data-id=\"41fc509\" data-element_type=\"widget\" data-e-type=\"widget\" data-widget_type=\"text-editor.default\">\n\t\t\t\t<div class=\"elementor-widget-container\">\n\t\t\t\t\t\t\t\t\t<p>(Ime\/nickname, email adresa, ip adresa)<br \/>*Anonimizovan nickname od email adrese mo\u017ee biti dostavljen usluzi Gravatar radi provere da li istu uslugu korsitite. Ovde mo\u017eete videte\u00a0<a href=\"https:\/\/automattic.com\/privacy\/\"><strong>politiku privatnosti Gravatara<\/strong><\/a>. Nakon odobravanja komentara va\u0161a slika profila je vidljiva javnosti. Komentari se \u010duvaju dok autor ne zatra\u017ei skidanje ili na naki na\u010din naru\u0161ava ideologiju web sajta.<\/p>\t\t\t\t\t\t\t\t<\/div>\n\t\t\t\t<\/div>\n\t\t\t\t<div class=\"elementor-element elementor-element-1cd6a7c elementor-widget elementor-widget-heading\" data-id=\"1cd6a7c\" data-element_type=\"widget\" data-e-type=\"widget\" data-widget_type=\"heading.default\">\n\t\t\t\t<div class=\"elementor-widget-container\">\n\t\t\t\t\t<h5 class=\"elementor-heading-title elementor-size-default\">Izuze\u0107e od odgovornosti<\/h5>\t\t\t\t<\/div>\n\t\t\t\t<\/div>\n\t\t\t\t<div class=\"elementor-element elementor-element-5a96280 elementor-widget elementor-widget-text-editor\" data-id=\"5a96280\" data-element_type=\"widget\" data-e-type=\"widget\" data-widget_type=\"text-editor.default\">\n\t\t\t\t<div class=\"elementor-widget-container\">\n\t\t\t\t\t\t\t\t\t<p>Sajt koristite na sopstveni rizik. NIMI nije odgovorana za materijalnu ili nematerijalnu \u0161tetu, direktnu ili indirektnu koja nastane iz kori\u0161\u0107enja ili je u nekoj vezi sa kori\u0161\u0107enjem Sajta ili njegovog sadr\u017eaja.<\/p>\t\t\t\t\t\t\t\t<\/div>\n\t\t\t\t<\/div>\n\t\t\t\t<div class=\"elementor-element elementor-element-7c32947 elementor-widget elementor-widget-heading\" data-id=\"7c32947\" data-element_type=\"widget\" data-e-type=\"widget\" data-widget_type=\"heading.default\">\n\t\t\t\t<div class=\"elementor-widget-container\">\n\t\t\t\t\t<h5 class=\"elementor-heading-title elementor-size-default\">Promena Sajta bez prethodne najave<\/h5>\t\t\t\t<\/div>\n\t\t\t\t<\/div>\n\t\t\t\t<div class=\"elementor-element elementor-element-860f394 elementor-widget elementor-widget-text-editor\" data-id=\"860f394\" data-element_type=\"widget\" data-e-type=\"widget\" data-widget_type=\"text-editor.default\">\n\t\t\t\t<div class=\"elementor-widget-container\">\n\t\t\t\t\t\t\t\t\t<p>Ovaj sajt je dinami\u010dan i vremenom \u0107e se menjati bez prethodne najave. Korisnici ovog sajta su stoga u potpunosti odgovorni za proveru ta\u010dnosti, potpunosti i podobnosti sadr\u017eaja koji se na njemu nalaze.<\/p>\t\t\t\t\t\t\t\t<\/div>\n\t\t\t\t<\/div>\n\t\t\t\t<div class=\"elementor-element elementor-element-4a439b6 elementor-widget elementor-widget-heading\" data-id=\"4a439b6\" data-element_type=\"widget\" data-e-type=\"widget\" data-widget_type=\"heading.default\">\n\t\t\t\t<div class=\"elementor-widget-container\">\n\t\t\t\t\t<h5 class=\"elementor-heading-title elementor-size-default\">Izmene ovih uslova kori\u0161\u0107enja<\/h5>\t\t\t\t<\/div>\n\t\t\t\t<\/div>\n\t\t\t\t<div class=\"elementor-element elementor-element-551faf3 elementor-widget elementor-widget-text-editor\" data-id=\"551faf3\" data-element_type=\"widget\" data-e-type=\"widget\" data-widget_type=\"text-editor.default\">\n\t\t\t\t<div class=\"elementor-widget-container\">\n\t\t\t\t\t\t\t\t\t<p>NIMI zadr\u017eava pravo da izmeni ove uslove kori\u0161\u0107enja u bilo kom trenutku.<\/p>\t\t\t\t\t\t\t\t<\/div>\n\t\t\t\t<\/div>\n\t\t\t\t\t<\/div>\n\t\t<\/div>\n\t\t\t\t\t<\/div>\n\t\t<\/section>\n\t\t\t\t<\/div>","protected":false},"excerpt":{"rendered":"<p>Uslovi kori\u0161\u0107enja sajta Hvala \u0161to ste posetili na\u0161 internet sajt NIMI.RS.\u00a0 Va\u0161 pristup, kao i kori\u0161\u0107enje ovog na\u0161eg internet sajta (u daljem tekstu \u201esajt\u201c) podle\u017ee ovim uslovima kori\u0161\u0107enja i va\u017ee\u0107im zakonskim propisima koji ure\u0111uju ovu oblast. Pristupom i kori\u0161\u0107enjem sajta, prihvatate bez ograni\u010denja, ove uslove kori\u0161\u0107enja.\u00a0Ukoliko ne prihvatate ove uslove kori\u0161\u0107enja bez ograni\u010denja, molimo Vas [&hellip;]<\/p>\n","protected":false},"author":1,"featured_media":0,"parent":0,"menu_order":0,"comment_status":"closed","ping_status":"closed","template":"","meta":{"site-sidebar-layout":"no-sidebar","site-content-layout":"page-builder","ast-site-content-layout":"default","site-content-style":"default","site-sidebar-style":"default","ast-global-header-display":"","ast-banner-title-visibility":"","ast-main-header-display":"","ast-hfb-above-header-display":"","ast-hfb-below-header-display":"","ast-hfb-mobile-header-display":"","site-post-title":"disabled","ast-breadcrumbs-content":"","ast-featured-img":"disabled","footer-sml-layout":"","ast-disable-related-posts":"","theme-transparent-header-meta":"","adv-header-id-meta":"","stick-header-meta":"","header-above-stick-meta":"","header-main-stick-meta":"","header-below-stick-meta":"","astra-migrate-meta-layouts":"default","ast-page-background-enabled":"default","ast-page-background-meta":{"desktop":{"background-color":"","background-image":"","background-repeat":"repeat","background-position":"center center","background-size":"auto","background-attachment":"scroll","background-type":"","background-media":"","overlay-type":"","overlay-color":"","overlay-opacity":"","overlay-gradient":""},"tablet":{"background-color":"","background-image":"","background-repeat":"repeat","background-position":"center center","background-size":"auto","background-attachment":"scroll","background-type":"","background-media":"","overlay-type":"","overlay-color":"","overlay-opacity":"","overlay-gradient":""},"mobile":{"background-color":"","background-image":"","background-repeat":"repeat","background-position":"center center","background-size":"auto","background-attachment":"scroll","background-type":"","background-media":"","overlay-type":"","overlay-color":"","overlay-opacity":"","overlay-gradient":""}},"ast-content-background-meta":{"desktop":{"background-color":"var(--ast-global-color-5)","background-image":"","background-repeat":"repeat","background-position":"center center","background-size":"auto","background-attachment":"scroll","background-type":"","background-media":"","overlay-type":"","overlay-color":"","overlay-opacity":"","overlay-gradient":""},"tablet":{"background-color":"var(--ast-global-color-5)","background-image":"","background-repeat":"repeat","background-position":"center center","background-size":"auto","background-attachment":"scroll","background-type":"","background-media":"","overlay-type":"","overlay-color":"","overlay-opacity":"","overlay-gradient":""},"mobile":{"background-color":"var(--ast-global-color-5)","background-image":"","background-repeat":"repeat","background-position":"center center","background-size":"auto","background-attachment":"scroll","background-type":"","background-media":"","overlay-type":"","overlay-color":"","overlay-opacity":"","overlay-gradient":""}},"footnotes":""},"class_list":["post-2861","page","type-page","status-publish","hentry"],"yoast_head":"<!-- This site is optimized with the Yoast SEO plugin v27.4 - https:\/\/yoast.com\/product\/yoast-seo-wordpress\/ -->\n<title>Uslovi kori\u0161\u0107enja &#8226; Knjigovodstvena agencija NIMI<\/title>\n<meta name=\"robots\" content=\"index, follow, max-snippet:-1, max-image-preview:large, max-video-preview:-1\" \/>\n<link rel=\"canonical\" href=\"https:\/\/www.nimi.rs\/en\/uslovi-koriscenja\/\" \/>\n<meta property=\"og:locale\" content=\"en_US\" \/>\n<meta property=\"og:type\" content=\"article\" \/>\n<meta property=\"og:title\" content=\"Uslovi kori\u0161\u0107enja &#8226; Knjigovodstvena agencija NIMI\" \/>\n<meta property=\"og:description\" content=\"Uslovi kori\u0161\u0107enja sajta Hvala \u0161to ste posetili na\u0161 internet sajt NIMI.RS.\u00a0 Va\u0161 pristup, kao i kori\u0161\u0107enje ovog na\u0161eg internet sajta (u daljem tekstu \u201esajt\u201c) podle\u017ee ovim uslovima kori\u0161\u0107enja i va\u017ee\u0107im zakonskim propisima koji ure\u0111uju ovu oblast. Pristupom i kori\u0161\u0107enjem sajta, prihvatate bez ograni\u010denja, ove uslove kori\u0161\u0107enja.\u00a0Ukoliko ne prihvatate ove uslove kori\u0161\u0107enja bez ograni\u010denja, molimo Vas [&hellip;]\" \/>\n<meta property=\"og:url\" content=\"https:\/\/www.nimi.rs\/en\/uslovi-koriscenja\/\" \/>\n<meta property=\"og:site_name\" content=\"Knjigovodstvena agencija NIMI\" \/>\n<meta property=\"article:publisher\" content=\"https:\/\/www.facebook.com\/knjigovodstvenaagencija\/\" \/>\n<meta property=\"article:modified_time\" content=\"2021-12-17T11:32:27+00:00\" \/>\n<meta name=\"twitter:card\" content=\"summary_large_image\" \/>\n<meta name=\"twitter:site\" content=\"@Agencija_NIMI\" \/>\n<meta name=\"twitter:label1\" content=\"Est. reading time\" \/>\n\t<meta name=\"twitter:data1\" content=\"3 minutes\" \/>\n<script type=\"application\/ld+json\" class=\"yoast-schema-graph\">{\"@context\":\"https:\\\/\\\/schema.org\",\"@graph\":[{\"@type\":\"WebPage\",\"@id\":\"https:\\\/\\\/www.nimi.rs\\\/uslovi-koriscenja\\\/\",\"url\":\"https:\\\/\\\/www.nimi.rs\\\/uslovi-koriscenja\\\/\",\"name\":\"Uslovi kori\u0161\u0107enja &#8226; Knjigovodstvena agencija NIMI\",\"isPartOf\":{\"@id\":\"https:\\\/\\\/www.nimi.rs\\\/#website\"},\"datePublished\":\"2021-12-17T11:21:15+00:00\",\"dateModified\":\"2021-12-17T11:32:27+00:00\",\"breadcrumb\":{\"@id\":\"https:\\\/\\\/www.nimi.rs\\\/uslovi-koriscenja\\\/#breadcrumb\"},\"inLanguage\":\"en-US\",\"potentialAction\":[{\"@type\":\"ReadAction\",\"target\":[\"https:\\\/\\\/www.nimi.rs\\\/uslovi-koriscenja\\\/\"]}]},{\"@type\":\"BreadcrumbList\",\"@id\":\"https:\\\/\\\/www.nimi.rs\\\/uslovi-koriscenja\\\/#breadcrumb\",\"itemListElement\":[{\"@type\":\"ListItem\",\"position\":1,\"name\":\"Po\u010detna\",\"item\":\"https:\\\/\\\/www.nimi.rs\\\/\"},{\"@type\":\"ListItem\",\"position\":2,\"name\":\"Uslovi kori\u0161\u0107enja\"}]},{\"@type\":\"WebSite\",\"@id\":\"https:\\\/\\\/www.nimi.rs\\\/#website\",\"url\":\"https:\\\/\\\/www.nimi.rs\\\/\",\"name\":\"Knjigovodstvena agencija NIMI\",\"description\":\"Usluge knjigovodstva i ra\u010dunovodstva agencija NIMI pru\u017ea svim vrstama pravnih lica\",\"publisher\":{\"@id\":\"https:\\\/\\\/www.nimi.rs\\\/#organization\"},\"potentialAction\":[{\"@type\":\"SearchAction\",\"target\":{\"@type\":\"EntryPoint\",\"urlTemplate\":\"https:\\\/\\\/www.nimi.rs\\\/?s={search_term_string}\"},\"query-input\":{\"@type\":\"PropertyValueSpecification\",\"valueRequired\":true,\"valueName\":\"search_term_string\"}}],\"inLanguage\":\"en-US\"},{\"@type\":\"Organization\",\"@id\":\"https:\\\/\\\/www.nimi.rs\\\/#organization\",\"name\":\"Knjigovodstvena agencija NIMI\",\"url\":\"https:\\\/\\\/www.nimi.rs\\\/\",\"logo\":{\"@type\":\"ImageObject\",\"inLanguage\":\"en-US\",\"@id\":\"https:\\\/\\\/www.nimi.rs\\\/#\\\/schema\\\/logo\\\/image\\\/\",\"url\":\"https:\\\/\\\/www.nimi.rs\\\/wp-content\\\/uploads\\\/2019\\\/11\\\/Group-2.png\",\"contentUrl\":\"https:\\\/\\\/www.nimi.rs\\\/wp-content\\\/uploads\\\/2019\\\/11\\\/Group-2.png\",\"width\":49,\"height\":46,\"caption\":\"Knjigovodstvena agencija NIMI\"},\"image\":{\"@id\":\"https:\\\/\\\/www.nimi.rs\\\/#\\\/schema\\\/logo\\\/image\\\/\"},\"sameAs\":[\"https:\\\/\\\/www.facebook.com\\\/knjigovodstvenaagencija\\\/\",\"https:\\\/\\\/x.com\\\/Agencija_NIMI\",\"https:\\\/\\\/www.instagram.com\\\/nimi_knjigovodstvo\\\/\",\"https:\\\/\\\/rs.linkedin.com\\\/in\\\/agencija-nimi-knjigovodstvo-69922941\"]}]}<\/script>\n<!-- \/ Yoast SEO plugin. -->","yoast_head_json":{"title":"Uslovi kori\u0161\u0107enja &#8226; Knjigovodstvena agencija NIMI","robots":{"index":"index","follow":"follow","max-snippet":"max-snippet:-1","max-image-preview":"max-image-preview:large","max-video-preview":"max-video-preview:-1"},"canonical":"https:\/\/www.nimi.rs\/en\/uslovi-koriscenja\/","og_locale":"en_US","og_type":"article","og_title":"Uslovi kori\u0161\u0107enja &#8226; Knjigovodstvena agencija NIMI","og_description":"Uslovi kori\u0161\u0107enja sajta Hvala \u0161to ste posetili na\u0161 internet sajt NIMI.RS.\u00a0 Va\u0161 pristup, kao i kori\u0161\u0107enje ovog na\u0161eg internet sajta (u daljem tekstu \u201esajt\u201c) podle\u017ee ovim uslovima kori\u0161\u0107enja i va\u017ee\u0107im zakonskim propisima koji ure\u0111uju ovu oblast. Pristupom i kori\u0161\u0107enjem sajta, prihvatate bez ograni\u010denja, ove uslove kori\u0161\u0107enja.\u00a0Ukoliko ne prihvatate ove uslove kori\u0161\u0107enja bez ograni\u010denja, molimo Vas [&hellip;]","og_url":"https:\/\/www.nimi.rs\/en\/uslovi-koriscenja\/","og_site_name":"Knjigovodstvena agencija NIMI","article_publisher":"https:\/\/www.facebook.com\/knjigovodstvenaagencija\/","article_modified_time":"2021-12-17T11:32:27+00:00","twitter_card":"summary_large_image","twitter_site":"@Agencija_NIMI","twitter_misc":{"Est. reading time":"3 minutes"},"schema":{"@context":"https:\/\/schema.org","@graph":[{"@type":"WebPage","@id":"https:\/\/www.nimi.rs\/uslovi-koriscenja\/","url":"https:\/\/www.nimi.rs\/uslovi-koriscenja\/","name":"Uslovi kori\u0161\u0107enja &#8226; Knjigovodstvena agencija NIMI","isPartOf":{"@id":"https:\/\/www.nimi.rs\/#website"},"datePublished":"2021-12-17T11:21:15+00:00","dateModified":"2021-12-17T11:32:27+00:00","breadcrumb":{"@id":"https:\/\/www.nimi.rs\/uslovi-koriscenja\/#breadcrumb"},"inLanguage":"en-US","potentialAction":[{"@type":"ReadAction","target":["https:\/\/www.nimi.rs\/uslovi-koriscenja\/"]}]},{"@type":"BreadcrumbList","@id":"https:\/\/www.nimi.rs\/uslovi-koriscenja\/#breadcrumb","itemListElement":[{"@type":"ListItem","position":1,"name":"Po\u010detna","item":"https:\/\/www.nimi.rs\/"},{"@type":"ListItem","position":2,"name":"Uslovi kori\u0161\u0107enja"}]},{"@type":"WebSite","@id":"https:\/\/www.nimi.rs\/#website","url":"https:\/\/www.nimi.rs\/","name":"Knjigovodstvena agencija NIMI","description":"Usluge knjigovodstva i ra\u010dunovodstva agencija NIMI pru\u017ea svim vrstama pravnih lica","publisher":{"@id":"https:\/\/www.nimi.rs\/#organization"},"potentialAction":[{"@type":"SearchAction","target":{"@type":"EntryPoint","urlTemplate":"https:\/\/www.nimi.rs\/?s={search_term_string}"},"query-input":{"@type":"PropertyValueSpecification","valueRequired":true,"valueName":"search_term_string"}}],"inLanguage":"en-US"},{"@type":"Organization","@id":"https:\/\/www.nimi.rs\/#organization","name":"Knjigovodstvena agencija NIMI","url":"https:\/\/www.nimi.rs\/","logo":{"@type":"ImageObject","inLanguage":"en-US","@id":"https:\/\/www.nimi.rs\/#\/schema\/logo\/image\/","url":"https:\/\/www.nimi.rs\/wp-content\/uploads\/2019\/11\/Group-2.png","contentUrl":"https:\/\/www.nimi.rs\/wp-content\/uploads\/2019\/11\/Group-2.png","width":49,"height":46,"caption":"Knjigovodstvena agencija NIMI"},"image":{"@id":"https:\/\/www.nimi.rs\/#\/schema\/logo\/image\/"},"sameAs":["https:\/\/www.facebook.com\/knjigovodstvenaagencija\/","https:\/\/x.com\/Agencija_NIMI","https:\/\/www.instagram.com\/nimi_knjigovodstvo\/","https:\/\/rs.linkedin.com\/in\/agencija-nimi-knjigovodstvo-69922941"]}]}},"_links":{"self":[{"href":"https:\/\/www.nimi.rs\/en\/wp-json\/wp\/v2\/pages\/2861","targetHints":{"allow":["GET"]}}],"collection":[{"href":"https:\/\/www.nimi.rs\/en\/wp-json\/wp\/v2\/pages"}],"about":[{"href":"https:\/\/www.nimi.rs\/en\/wp-json\/wp\/v2\/types\/page"}],"author":[{"embeddable":true,"href":"https:\/\/www.nimi.rs\/en\/wp-json\/wp\/v2\/users\/1"}],"replies":[{"embeddable":true,"href":"https:\/\/www.nimi.rs\/en\/wp-json\/wp\/v2\/comments?post=2861"}],"version-history":[{"count":4,"href":"https:\/\/www.nimi.rs\/en\/wp-json\/wp\/v2\/pages\/2861\/revisions"}],"predecessor-version":[{"id":2867,"href":"https:\/\/www.nimi.rs\/en\/wp-json\/wp\/v2\/pages\/2861\/revisions\/2867"}],"wp:attachment":[{"href":"https:\/\/www.nimi.rs\/en\/wp-json\/wp\/v2\/media?parent=2861"}],"curies":[{"name":"wp","href":"https:\/\/api.w.org\/{rel}","templated":true}]}}